{"id":1086,"date":"2018-05-24T08:21:25","date_gmt":"2018-05-24T08:21:25","guid":{"rendered":"http:\/\/www.lojameraki.pt\/novo\/?page_id=1086"},"modified":"2018-06-01T13:32:12","modified_gmt":"2018-06-01T13:32:12","slug":"politica-de-privacidade","status":"publish","type":"page","link":"https:\/\/www.lojameraki.pt\/novo\/politica-de-privacidade\/","title":{"rendered":"Pol\u00edtica de privacidade"},"content":{"rendered":"<h2>Quem somos<\/h2>\n<p>O endere\u00e7o do nosso site \u00e9: https:\/\/www.lojameraki.pt\/novo<\/p>\n<h2>Pol\u00edtica de protec\u00e7\u00e3o de dados e privacidade<\/h2>\n<p>&nbsp;<\/p>\n<p>A utiliza\u00e7\u00e3o da loja online n\u00e3o pressup\u00f5e a identifica\u00e7\u00e3o com excep\u00e7\u00e3o nas funcionalidades necess\u00e1rias \u00e0 compra e envio de produtos.<\/p>\n<p>Os dados registados s\u00e3o protegidos nos termos da lei vigente e facultado ao utilizador o seu acesso, rectifica\u00e7\u00e3o e remo\u00e7\u00e3o da base de dados.<\/p>\n<p>A Meraki compromete-se a n\u00e3o divulgar esta informa\u00e7\u00e3o a terceiros.<\/p>\n<p>Lei de Protec\u00e7\u00e3o de Dados: No cumprimento do disposto na lei 67\/98 de 16 de Outubro sobre a\u00a0<a href=\"http:\/\/www.cnpd.pt\/bin\/legis\/nacional\/lei_6798.htm\">Protec\u00e7\u00e3o de Dados Pessoais<\/a>, informamos o seguinte:<\/p>\n<p>&#8211; Na qualidade de propriet\u00e1ria, a respons\u00e1vel deste arquivo \u00e9 Albertina Santos, \u00a0e\u00a0garante a confidencialidade de todos os dados fornecidos pelos seus clientes. A recolha e tratamento de dados realiza-se sob n\u00edveis de seguran\u00e7a que impedem a sua perda ou manipula\u00e7\u00e3o.<\/p>\n<p>&#8211; De acordo com o estabelecido na legisla\u00e7\u00e3o em vigor, todos os clientes da\u00a0Meraki\u00a0t\u00eam o direito de acesso, rectifica\u00e7\u00e3o, cancelamento e oposi\u00e7\u00e3o dos seus dados. Os clientes podem exercer estes direitos, por escrito, para a\u00a0Rua Augusto Marques Bom, 25, lt10, lj3, 3030 \u2013 218 Coimbra\u00a0ou por correio electr\u00f3nico, para\u00a0merakiartesmanuais@gmail.com. Poder\u00e1 tamb\u00e9m fazer a remo\u00e7\u00e3o ou altera\u00e7\u00e3o dos seus dados directamente na loja online.<\/p>\n<p>&#8211; A fim de melhor cumprir com os seus servi\u00e7os \u2013 envio de encomendas, a\u00a0Meraki\u00a0est\u00e1 obrigada a facultar determinados dados dos seus clientes, nomeadamente o nome ou endere\u00e7o\u00a0\u00e0 empresa\u00a0que assegura o transporte e entrega das encomendas.<\/p>\n<h2>Pol\u00edtica de cookies<\/h2>\n<p>&nbsp;<\/p>\n<p>Os cookies usados na loja online s\u00e3o os necess\u00e1rios para providenciar um bom funcionamento da p\u00e1gina e melhorar a sua experi\u00eancia como utilizador.<\/p>\n<p>O QUE S\u00c3O COOKIES? \u201cCookies\u201d s\u00e3o pequenos ficheiros de texto que s\u00e3o armazenados no seu computador ou no seu dispositivo m\u00f3vel atrav\u00e9s do navegador de internet, retendo apenas informa\u00e7\u00e3o relacionada com as suas prefer\u00eancias, n\u00e3o incluindo, como tal, os seus dados pessoais. A coloca\u00e7\u00e3o de cookies ajudar\u00e1 o website a reconhecer o seu dispositivo na pr\u00f3xima vez que o visitar. A recusa de uso de cookies no website, pode resultar na impossibilidade de ter acesso a algumas das suas \u00e1reas ou de receber informa\u00e7\u00e3o personalizada.<\/p>\n<p>COMO PODE GERIR OS COOKIES? Os cookies ajudam a tirar o m\u00e1ximo proveito dos websites. No entanto, todos os navegadores de internet permitem ao utilizador aceitar, recusar ou apagar cookies, nomeadamente atrav\u00e9s da sele\u00e7\u00e3o das defini\u00e7\u00f5es apropriadas no respetivo navegador de internet (browser). Depois de autorizar o uso de cookies, o utilizador pode sempre desativar parte ou a totalidade dos nossos cookies.<\/p>\n","protected":false},"excerpt":{"rendered":"<p>Quem somos O endere\u00e7o do nosso site \u00e9: https:\/\/www.lojameraki.pt\/novo Pol\u00edtica de protec\u00e7\u00e3o de dados e privacidade &nbsp; A utiliza\u00e7\u00e3o da loja online n\u00e3o pressup\u00f5e a identifica\u00e7\u00e3o com excep\u00e7\u00e3o nas funcionalidades necess\u00e1rias \u00e0 compra e envio de produtos. Os dados registados s\u00e3o protegidos nos termos da lei vigente e facultado ao utilizador o seu acesso, rectifica\u00e7\u00e3o [&hellip;]<\/p>\n","protected":false},"author":1,"featured_media":0,"parent":0,"menu_order":0,"comment_status":"closed","ping_status":"closed","template":"","meta":{"_et_pb_use_builder":"","_et_pb_old_content":"","_et_gb_content_width":"","footnotes":""},"class_list":["post-1086","page","type-page","status-publish","hentry"],"_links":{"self":[{"href":"https:\/\/www.lojameraki.pt\/novo\/wp-json\/wp\/v2\/pages\/1086","targetHints":{"allow":["GET"]}}],"collection":[{"href":"https:\/\/www.lojameraki.pt\/novo\/wp-json\/wp\/v2\/pages"}],"about":[{"href":"https:\/\/www.lojameraki.pt\/novo\/wp-json\/wp\/v2\/types\/page"}],"author":[{"embeddable":true,"href":"https:\/\/www.lojameraki.pt\/novo\/wp-json\/wp\/v2\/users\/1"}],"replies":[{"embeddable":true,"href":"https:\/\/www.lojameraki.pt\/novo\/wp-json\/wp\/v2\/comments?post=1086"}],"version-history":[{"count":3,"href":"https:\/\/www.lojameraki.pt\/novo\/wp-json\/wp\/v2\/pages\/1086\/revisions"}],"predecessor-version":[{"id":1322,"href":"https:\/\/www.lojameraki.pt\/novo\/wp-json\/wp\/v2\/pages\/1086\/revisions\/1322"}],"wp:attachment":[{"href":"https:\/\/www.lojameraki.pt\/novo\/wp-json\/wp\/v2\/media?parent=1086"}],"curies":[{"name":"wp","href":"https:\/\/api.w.org\/{rel}","templated":true}]}}