{"id":10034,"date":"2025-02-25T16:01:51","date_gmt":"2025-02-25T16:01:51","guid":{"rendered":"https:\/\/www.lojameraki.pt\/novo\/?post_type=product&#038;p=10034"},"modified":"2025-02-25T16:04:26","modified_gmt":"2025-02-25T16:04:26","slug":"matita-47","status":"publish","type":"product","link":"https:\/\/www.lojameraki.pt\/novo\/product\/matita-47\/","title":{"rendered":"Matita 47"},"content":{"rendered":"<p>Matita 47<\/p>\n<p>Composi\u00e7\u00e3o: 76% algod\u00e3o; 24% canhamo<\/p>\n<p>Peso: 100 gramas<\/p>\n<p>Comprimento: 240 metros\u00a0 | DK<\/p>\n<p>Agulhas: 4 mm<\/p>\n<p>Amostra:22 malhas por 26 carreiras\u00a0 (10 x 10 cm)<\/p>\n<p>Lavar 30\u00ba<\/p>\n","protected":false},"excerpt":{"rendered":"<p>&nbsp;<\/p>\n<p>&nbsp;<\/p>\n","protected":false},"featured_media":10030,"template":"","meta":{"_et_pb_use_builder":"","_et_pb_old_content":"","_et_gb_content_width":""},"product_brand":[],"product_cat":[509,77,224,22,88,23,20,21,534,26],"product_tag":[],"class_list":{"0":"post-10034","1":"product","2":"type-product","3":"status-publish","4":"has-post-thumbnail","6":"product_cat-adriafil","7":"product_cat-algodao","8":"product_cat-canhamo","9":"product_cat-composicao","10":"product_cat-dk","11":"product_cat-espessura","12":"product_cat-fios","13":"product_cat-marcas","14":"product_cat-matita","15":"product_cat-primavera-verao","17":"first","18":"instock","19":"shipping-taxable","20":"purchasable","21":"product-type-simple"},"_links":{"self":[{"href":"https:\/\/www.lojameraki.pt\/novo\/wp-json\/wp\/v2\/product\/10034","targetHints":{"allow":["GET"]}}],"collection":[{"href":"https:\/\/www.lojameraki.pt\/novo\/wp-json\/wp\/v2\/product"}],"about":[{"href":"https:\/\/www.lojameraki.pt\/novo\/wp-json\/wp\/v2\/types\/product"}],"wp:featuredmedia":[{"embeddable":true,"href":"https:\/\/www.lojameraki.pt\/novo\/wp-json\/wp\/v2\/media\/10030"}],"wp:attachment":[{"href":"https:\/\/www.lojameraki.pt\/novo\/wp-json\/wp\/v2\/media?parent=10034"}],"wp:term":[{"taxonomy":"product_brand","embeddable":true,"href":"https:\/\/www.lojameraki.pt\/novo\/wp-json\/wp\/v2\/product_brand?post=10034"},{"taxonomy":"product_cat","embeddable":true,"href":"https:\/\/www.lojameraki.pt\/novo\/wp-json\/wp\/v2\/product_cat?post=10034"},{"taxonomy":"product_tag","embeddable":true,"href":"https:\/\/www.lojameraki.pt\/novo\/wp-json\/wp\/v2\/product_tag?post=10034"}],"curies":[{"name":"wp","href":"https:\/\/api.w.org\/{rel}","templated":true}]}}