{"id":10049,"date":"2025-02-25T18:19:55","date_gmt":"2025-02-25T18:19:55","guid":{"rendered":"https:\/\/www.lojameraki.pt\/novo\/?post_type=product&#038;p=10049"},"modified":"2026-05-04T09:50:13","modified_gmt":"2026-05-04T09:50:13","slug":"toujours-25","status":"publish","type":"product","link":"https:\/\/www.lojameraki.pt\/novo\/product\/toujours-25\/","title":{"rendered":"Toujours 25"},"content":{"rendered":"<p>Toujours 25<\/p>\n<p>Composi\u00e7\u00e3o: 40% algod\u00e3o; 30% viscose; 15% alpaca; 15% l\u00e3<\/p>\n<p>Peso: 50 gramas<\/p>\n<p>Comprimento: 250 metros\u00a0 | Fingering<\/p>\n<p>Agulhas: 3 mm<\/p>\n<p>Amostra:29 malhas por 38 carreiras\u00a0 (10 x 10 cm)<\/p>\n<p>Lavar 30\u00ba &#8211; ciclo delicado<\/p>\n","protected":false},"excerpt":{"rendered":"<p>limitado ao stock existente<\/p>\n<p>&nbsp;<\/p>\n","protected":false},"featured_media":10040,"template":"","meta":{"_et_pb_use_builder":"","_et_pb_old_content":"","_et_gb_content_width":""},"product_brand":[],"product_cat":[509,77,22,23,348,87,20,70,72,21,535,80],"product_tag":[],"class_list":{"0":"post-10049","1":"product","2":"type-product","3":"status-publish","4":"has-post-thumbnail","6":"product_cat-adriafil","7":"product_cat-algodao","8":"product_cat-composicao","9":"product_cat-espessura","10":"product_cat-fim-de-stock","11":"product_cat-fingering","12":"product_cat-fios","13":"product_cat-la","14":"product_cat-la-alpaca","15":"product_cat-marcas","16":"product_cat-toujours","17":"product_cat-viscose","19":"first","20":"instock","21":"shipping-taxable","22":"purchasable","23":"product-type-simple"},"_links":{"self":[{"href":"https:\/\/www.lojameraki.pt\/novo\/wp-json\/wp\/v2\/product\/10049","targetHints":{"allow":["GET"]}}],"collection":[{"href":"https:\/\/www.lojameraki.pt\/novo\/wp-json\/wp\/v2\/product"}],"about":[{"href":"https:\/\/www.lojameraki.pt\/novo\/wp-json\/wp\/v2\/types\/product"}],"wp:featuredmedia":[{"embeddable":true,"href":"https:\/\/www.lojameraki.pt\/novo\/wp-json\/wp\/v2\/media\/10040"}],"wp:attachment":[{"href":"https:\/\/www.lojameraki.pt\/novo\/wp-json\/wp\/v2\/media?parent=10049"}],"wp:term":[{"taxonomy":"product_brand","embeddable":true,"href":"https:\/\/www.lojameraki.pt\/novo\/wp-json\/wp\/v2\/product_brand?post=10049"},{"taxonomy":"product_cat","embeddable":true,"href":"https:\/\/www.lojameraki.pt\/novo\/wp-json\/wp\/v2\/product_cat?post=10049"},{"taxonomy":"product_tag","embeddable":true,"href":"https:\/\/www.lojameraki.pt\/novo\/wp-json\/wp\/v2\/product_tag?post=10049"}],"curies":[{"name":"wp","href":"https:\/\/api.w.org\/{rel}","templated":true}]}}