{"id":10064,"date":"2025-02-25T18:36:30","date_gmt":"2025-02-25T18:36:30","guid":{"rendered":"https:\/\/www.lojameraki.pt\/novo\/?post_type=product&#038;p=10064"},"modified":"2025-02-25T18:37:02","modified_gmt":"2025-02-25T18:37:02","slug":"allegria-35","status":"publish","type":"product","link":"https:\/\/www.lojameraki.pt\/novo\/product\/allegria-35\/","title":{"rendered":"Allegria  35"},"content":{"rendered":"<p>Allegria 35<\/p>\n<p>Composi\u00e7\u00e3o: 100% algod\u00e3o org\u00e2nico<\/p>\n<p>Peso: 50 gramas<\/p>\n<p>Comprimento: 110 metros\u00a0 | Aran<\/p>\n<p>Agulhas: 6 mm<\/p>\n<p>Amostra:19 malhas por 26 carreiras\u00a0 (10 x 10 cm)<\/p>\n<p>Lavar 30\u00ba<\/p>\n","protected":false},"excerpt":{"rendered":"<p>&nbsp;<\/p>\n<p>&nbsp;<\/p>\n","protected":false},"featured_media":10057,"template":"","meta":{"_et_pb_use_builder":"","_et_pb_old_content":"","_et_gb_content_width":""},"product_brand":[],"product_cat":[509,77,536,112,22,23,20,21,26],"product_tag":[],"class_list":{"0":"post-10064","1":"product","2":"type-product","3":"status-publish","4":"has-post-thumbnail","6":"product_cat-adriafil","7":"product_cat-algodao","8":"product_cat-allegria","9":"product_cat-aran","10":"product_cat-composicao","11":"product_cat-espessura","12":"product_cat-fios","13":"product_cat-marcas","14":"product_cat-primavera-verao","16":"first","17":"instock","18":"shipping-taxable","19":"purchasable","20":"product-type-simple"},"_links":{"self":[{"href":"https:\/\/www.lojameraki.pt\/novo\/wp-json\/wp\/v2\/product\/10064","targetHints":{"allow":["GET"]}}],"collection":[{"href":"https:\/\/www.lojameraki.pt\/novo\/wp-json\/wp\/v2\/product"}],"about":[{"href":"https:\/\/www.lojameraki.pt\/novo\/wp-json\/wp\/v2\/types\/product"}],"wp:featuredmedia":[{"embeddable":true,"href":"https:\/\/www.lojameraki.pt\/novo\/wp-json\/wp\/v2\/media\/10057"}],"wp:attachment":[{"href":"https:\/\/www.lojameraki.pt\/novo\/wp-json\/wp\/v2\/media?parent=10064"}],"wp:term":[{"taxonomy":"product_brand","embeddable":true,"href":"https:\/\/www.lojameraki.pt\/novo\/wp-json\/wp\/v2\/product_brand?post=10064"},{"taxonomy":"product_cat","embeddable":true,"href":"https:\/\/www.lojameraki.pt\/novo\/wp-json\/wp\/v2\/product_cat?post=10064"},{"taxonomy":"product_tag","embeddable":true,"href":"https:\/\/www.lojameraki.pt\/novo\/wp-json\/wp\/v2\/product_tag?post=10064"}],"curies":[{"name":"wp","href":"https:\/\/api.w.org\/{rel}","templated":true}]}}