{"id":10090,"date":"2025-02-28T09:50:54","date_gmt":"2025-02-28T09:50:54","guid":{"rendered":"https:\/\/www.lojameraki.pt\/novo\/?post_type=product&#038;p=10090"},"modified":"2025-02-28T09:51:23","modified_gmt":"2025-02-28T09:51:23","slug":"fiordiloto-24","status":"publish","type":"product","link":"https:\/\/www.lojameraki.pt\/novo\/product\/fiordiloto-24\/","title":{"rendered":"Fiordiloto 24"},"content":{"rendered":"<p>Fiordiloto 24<\/p>\n<p>Composi\u00e7\u00e3o: 57%algod\u00e3o; 23% linho; 20% viscose<\/p>\n<p>Peso: 50 gramas<\/p>\n<p>Comprimento: 115 metros\u00a0 | DK<\/p>\n<p>Agulhas: 3,5 mm<\/p>\n<p>Amostra:23 malhas por 34 carreiras\u00a0 (10 x 10 cm)<\/p>\n<p>Lavar \u00e0 m\u00e3o<\/p>\n","protected":false},"excerpt":{"rendered":"<p>&nbsp;<\/p>\n<p>&nbsp;<\/p>\n","protected":false},"featured_media":10084,"template":"","meta":{"_et_pb_use_builder":"","_et_pb_old_content":"","_et_gb_content_width":""},"product_brand":[],"product_cat":[509,77,22,88,23,538,20,79,21,26,80],"product_tag":[],"class_list":{"0":"post-10090","1":"product","2":"type-product","3":"status-publish","4":"has-post-thumbnail","6":"product_cat-adriafil","7":"product_cat-algodao","8":"product_cat-composicao","9":"product_cat-dk","10":"product_cat-espessura","11":"product_cat-fiordiloto","12":"product_cat-fios","13":"product_cat-linho","14":"product_cat-marcas","15":"product_cat-primavera-verao","16":"product_cat-viscose","18":"first","19":"instock","20":"shipping-taxable","21":"purchasable","22":"product-type-simple"},"_links":{"self":[{"href":"https:\/\/www.lojameraki.pt\/novo\/wp-json\/wp\/v2\/product\/10090","targetHints":{"allow":["GET"]}}],"collection":[{"href":"https:\/\/www.lojameraki.pt\/novo\/wp-json\/wp\/v2\/product"}],"about":[{"href":"https:\/\/www.lojameraki.pt\/novo\/wp-json\/wp\/v2\/types\/product"}],"wp:featuredmedia":[{"embeddable":true,"href":"https:\/\/www.lojameraki.pt\/novo\/wp-json\/wp\/v2\/media\/10084"}],"wp:attachment":[{"href":"https:\/\/www.lojameraki.pt\/novo\/wp-json\/wp\/v2\/media?parent=10090"}],"wp:term":[{"taxonomy":"product_brand","embeddable":true,"href":"https:\/\/www.lojameraki.pt\/novo\/wp-json\/wp\/v2\/product_brand?post=10090"},{"taxonomy":"product_cat","embeddable":true,"href":"https:\/\/www.lojameraki.pt\/novo\/wp-json\/wp\/v2\/product_cat?post=10090"},{"taxonomy":"product_tag","embeddable":true,"href":"https:\/\/www.lojameraki.pt\/novo\/wp-json\/wp\/v2\/product_tag?post=10090"}],"curies":[{"name":"wp","href":"https:\/\/api.w.org\/{rel}","templated":true}]}}