{"id":10114,"date":"2025-03-13T15:05:24","date_gmt":"2025-03-13T15:05:24","guid":{"rendered":"https:\/\/www.lojameraki.pt\/novo\/?post_type=product&#038;p=10114"},"modified":"2025-07-08T14:39:55","modified_gmt":"2025-07-08T14:39:55","slug":"set-de-agulhas-de-crochet-chunky","status":"publish","type":"product","link":"https:\/\/www.lojameraki.pt\/novo\/product\/set-de-agulhas-de-crochet-chunky\/","title":{"rendered":"Set de  Agulhas de crochet Chunky"},"content":{"rendered":"<p>Set de Agulhas de crochet Chunky<\/p>\n<p>O Oasis Chunky Interchangeable Crochet Hook set cont\u00e9m 7 agulhas de croch\u00ea intercambi\u00e1veis em tamanhos &#8211; <strong>5,5-10 mm<\/strong> com um cabo de madeira rosa e acess\u00f3rios embalados em uma caixa de tecido de camur\u00e7a falsa bege premium.<\/p>\n<p>&nbsp;<\/p>\n","protected":false},"excerpt":{"rendered":"<p>Set de Agulhas de crochet Chunky O Oasis Chunky Interchangeable Crochet Hook set cont\u00e9m 7 agulhas de croch\u00ea intercambi\u00e1veis em tamanhos &#8211; 5,5-10 mm com um cabo de madeira rosa e acess\u00f3rios embalados em uma caixa de tecido de camur\u00e7a falsa bege premium. &nbsp;<\/p>\n","protected":false},"featured_media":10117,"template":"","meta":{"_et_pb_use_builder":"","_et_pb_old_content":"","_et_gb_content_width":""},"product_brand":[],"product_cat":[28,30,467,130,206,207],"product_tag":[],"class_list":{"0":"post-10114","1":"product","2":"type-product","3":"status-publish","4":"has-post-thumbnail","6":"product_cat-agulhas","7":"product_cat-crochet","8":"product_cat-kit-agulhas","9":"product_cat-knit-pro-tricot","10":"product_cat-marca","11":"product_cat-tipo","13":"first","14":"outofstock","15":"shipping-taxable","16":"purchasable","17":"product-type-simple"},"_links":{"self":[{"href":"https:\/\/www.lojameraki.pt\/novo\/wp-json\/wp\/v2\/product\/10114","targetHints":{"allow":["GET"]}}],"collection":[{"href":"https:\/\/www.lojameraki.pt\/novo\/wp-json\/wp\/v2\/product"}],"about":[{"href":"https:\/\/www.lojameraki.pt\/novo\/wp-json\/wp\/v2\/types\/product"}],"wp:featuredmedia":[{"embeddable":true,"href":"https:\/\/www.lojameraki.pt\/novo\/wp-json\/wp\/v2\/media\/10117"}],"wp:attachment":[{"href":"https:\/\/www.lojameraki.pt\/novo\/wp-json\/wp\/v2\/media?parent=10114"}],"wp:term":[{"taxonomy":"product_brand","embeddable":true,"href":"https:\/\/www.lojameraki.pt\/novo\/wp-json\/wp\/v2\/product_brand?post=10114"},{"taxonomy":"product_cat","embeddable":true,"href":"https:\/\/www.lojameraki.pt\/novo\/wp-json\/wp\/v2\/product_cat?post=10114"},{"taxonomy":"product_tag","embeddable":true,"href":"https:\/\/www.lojameraki.pt\/novo\/wp-json\/wp\/v2\/product_tag?post=10114"}],"curies":[{"name":"wp","href":"https:\/\/api.w.org\/{rel}","templated":true}]}}