{"id":10119,"date":"2025-03-13T15:17:34","date_gmt":"2025-03-13T15:17:34","guid":{"rendered":"https:\/\/www.lojameraki.pt\/novo\/?post_type=product&#038;p=10119"},"modified":"2025-07-08T14:39:41","modified_gmt":"2025-07-08T14:39:41","slug":"set-de-agulhas-de-crochet-starter","status":"publish","type":"product","link":"https:\/\/www.lojameraki.pt\/novo\/product\/set-de-agulhas-de-crochet-starter\/","title":{"rendered":"Set de  Agulhas de crochet Starter"},"content":{"rendered":"<p>Set de Agulhas de crochet Starer<\/p>\n<p>O Oasis Starter Interchangeable Crochet Hooks possui 7 agulhas de croch\u00ea intercambi\u00e1veis nos tamanhos 2.0 &#8211; 5.0mm com um cabo de madeira na cor \u00f4nix cinza e acess\u00f3rios embalados em uma caixa de tecido preto de camur\u00e7a falsa premium.<\/p>\n<p>&nbsp;<\/p>\n","protected":false},"excerpt":{"rendered":"<p>Set de Agulhas de crochet Starer O Oasis Starter Interchangeable Crochet Hooks possui 7 agulhas de croch\u00ea intercambi\u00e1veis nos tamanhos 2.0 &#8211; 5.0mm com um cabo de madeira na cor \u00f4nix cinza e acess\u00f3rios embalados em uma caixa de tecido preto de camur\u00e7a falsa premium. &nbsp;<\/p>\n","protected":false},"featured_media":10115,"template":"","meta":{"_et_pb_use_builder":"","_et_pb_old_content":"","_et_gb_content_width":""},"product_brand":[],"product_cat":[28,30,467,130,206,207],"product_tag":[],"class_list":{"0":"post-10119","1":"product","2":"type-product","3":"status-publish","4":"has-post-thumbnail","6":"product_cat-agulhas","7":"product_cat-crochet","8":"product_cat-kit-agulhas","9":"product_cat-knit-pro-tricot","10":"product_cat-marca","11":"product_cat-tipo","13":"first","14":"outofstock","15":"shipping-taxable","16":"purchasable","17":"product-type-simple"},"_links":{"self":[{"href":"https:\/\/www.lojameraki.pt\/novo\/wp-json\/wp\/v2\/product\/10119","targetHints":{"allow":["GET"]}}],"collection":[{"href":"https:\/\/www.lojameraki.pt\/novo\/wp-json\/wp\/v2\/product"}],"about":[{"href":"https:\/\/www.lojameraki.pt\/novo\/wp-json\/wp\/v2\/types\/product"}],"wp:featuredmedia":[{"embeddable":true,"href":"https:\/\/www.lojameraki.pt\/novo\/wp-json\/wp\/v2\/media\/10115"}],"wp:attachment":[{"href":"https:\/\/www.lojameraki.pt\/novo\/wp-json\/wp\/v2\/media?parent=10119"}],"wp:term":[{"taxonomy":"product_brand","embeddable":true,"href":"https:\/\/www.lojameraki.pt\/novo\/wp-json\/wp\/v2\/product_brand?post=10119"},{"taxonomy":"product_cat","embeddable":true,"href":"https:\/\/www.lojameraki.pt\/novo\/wp-json\/wp\/v2\/product_cat?post=10119"},{"taxonomy":"product_tag","embeddable":true,"href":"https:\/\/www.lojameraki.pt\/novo\/wp-json\/wp\/v2\/product_tag?post=10119"}],"curies":[{"name":"wp","href":"https:\/\/api.w.org\/{rel}","templated":true}]}}