{"id":10172,"date":"2025-04-08T10:42:50","date_gmt":"2025-04-08T10:42:50","guid":{"rendered":"https:\/\/www.lojameraki.pt\/novo\/?post_type=product&#038;p=10172"},"modified":"2025-04-08T10:43:36","modified_gmt":"2025-04-08T10:43:36","slug":"clea-duplo-3402-vermelho-circulo","status":"publish","type":"product","link":"https:\/\/www.lojameraki.pt\/novo\/product\/clea-duplo-3402-vermelho-circulo\/","title":{"rendered":"Clea Duplo 3402 vermelho circulo"},"content":{"rendered":"<p>Clea Duplo 3402 vermelho circulo<\/p>\n<p>Composi\u00e7\u00e3o:\u00a0 100% algod\u00e3o mercerizado<\/p>\n<p>Peso: 150 gramas<\/p>\n<p>Comprimento: 508 metros<\/p>\n<p>Agulhas: 2 mm &#8211; 4 mm<\/p>\n<p>&nbsp;<\/p>\n","protected":false},"excerpt":{"rendered":"<p>Cl\u00e9a Duplo \u00e9 o fio 100% algod\u00e3o mercerizado com tor\u00e7\u00e3o especial da linha Cl\u00e9a e n\u00e3o abre ao tecer. Por isso, d\u00e1 um acabamento perfeito \u00e0 pe\u00e7a. Suas cria\u00e7\u00f5es ficar\u00e3o com uma estrutura \u00fanica, mais firme e resistente, mas ainda assim de trama delicada e toque macio. A merceriza\u00e7\u00e3o confere um brilho \u00fanico ao fio.<\/p>\n","protected":false},"featured_media":10164,"template":"","meta":{"_et_pb_use_builder":"","_et_pb_old_content":"","_et_gb_content_width":""},"product_brand":[],"product_cat":[77,426,443,540,22,23,87,20,21,26],"product_tag":[],"class_list":{"0":"post-10172","1":"product","2":"type-product","3":"status-publish","4":"has-post-thumbnail","6":"product_cat-algodao","7":"product_cat-amigurimi","8":"product_cat-circulo","9":"product_cat-clea-duplo","10":"product_cat-composicao","11":"product_cat-espessura","12":"product_cat-fingering","13":"product_cat-fios","14":"product_cat-marcas","15":"product_cat-primavera-verao","17":"first","18":"instock","19":"shipping-taxable","20":"purchasable","21":"product-type-simple"},"_links":{"self":[{"href":"https:\/\/www.lojameraki.pt\/novo\/wp-json\/wp\/v2\/product\/10172","targetHints":{"allow":["GET"]}}],"collection":[{"href":"https:\/\/www.lojameraki.pt\/novo\/wp-json\/wp\/v2\/product"}],"about":[{"href":"https:\/\/www.lojameraki.pt\/novo\/wp-json\/wp\/v2\/types\/product"}],"wp:featuredmedia":[{"embeddable":true,"href":"https:\/\/www.lojameraki.pt\/novo\/wp-json\/wp\/v2\/media\/10164"}],"wp:attachment":[{"href":"https:\/\/www.lojameraki.pt\/novo\/wp-json\/wp\/v2\/media?parent=10172"}],"wp:term":[{"taxonomy":"product_brand","embeddable":true,"href":"https:\/\/www.lojameraki.pt\/novo\/wp-json\/wp\/v2\/product_brand?post=10172"},{"taxonomy":"product_cat","embeddable":true,"href":"https:\/\/www.lojameraki.pt\/novo\/wp-json\/wp\/v2\/product_cat?post=10172"},{"taxonomy":"product_tag","embeddable":true,"href":"https:\/\/www.lojameraki.pt\/novo\/wp-json\/wp\/v2\/product_tag?post=10172"}],"curies":[{"name":"wp","href":"https:\/\/api.w.org\/{rel}","templated":true}]}}