{"id":10257,"date":"2025-05-16T14:04:20","date_gmt":"2025-05-16T14:04:20","guid":{"rendered":"https:\/\/www.lojameraki.pt\/novo\/?post_type=product&#038;p=10257"},"modified":"2026-03-28T12:30:50","modified_gmt":"2026-03-28T12:30:50","slug":"estrela-20","status":"publish","type":"product","link":"https:\/\/www.lojameraki.pt\/novo\/product\/estrela-20\/","title":{"rendered":"Estrela 20"},"content":{"rendered":"<p>Estrela 20<\/p>\n<p>Composi\u00e7\u00e3o: 100% algod\u00e3o<\/p>\n<p>Peso: 100 gramas<\/p>\n<p>Comprimento: 210 metros | DK<\/p>\n<p>Agulhas: 3 &#8211; 4 mm<\/p>\n<p>Amostra: 21 malhas x 33 carreiras\u00a0 (10 cm)<\/p>\n<p>lav\u00e1vel \u00e0 m\u00e1quina<\/p>\n","protected":false},"excerpt":{"rendered":"<p>Estrela 20 Composi\u00e7\u00e3o: 100% algod\u00e3o Peso: 100 gramas Comprimento: 210 metros | DK Agulhas: 3 &#8211; 4 mm Amostra: 21 malhas x 33 carreiras\u00a0 (10 cm) lav\u00e1vel \u00e0 m\u00e1quina<\/p>\n","protected":false},"featured_media":10253,"template":"","meta":{"_et_pb_use_builder":"","_et_pb_old_content":"","_et_gb_content_width":""},"product_brand":[],"product_cat":[77,22,88,23,543,20,21,26,95],"product_tag":[],"class_list":{"0":"post-10257","1":"product","2":"type-product","3":"status-publish","4":"has-post-thumbnail","6":"product_cat-algodao","7":"product_cat-composicao","8":"product_cat-dk","9":"product_cat-espessura","10":"product_cat-estrela","11":"product_cat-fios","12":"product_cat-marcas","13":"product_cat-primavera-verao","14":"product_cat-rosarios-4-marcas","16":"first","17":"instock","18":"featured","19":"shipping-taxable","20":"purchasable","21":"product-type-simple"},"_links":{"self":[{"href":"https:\/\/www.lojameraki.pt\/novo\/wp-json\/wp\/v2\/product\/10257","targetHints":{"allow":["GET"]}}],"collection":[{"href":"https:\/\/www.lojameraki.pt\/novo\/wp-json\/wp\/v2\/product"}],"about":[{"href":"https:\/\/www.lojameraki.pt\/novo\/wp-json\/wp\/v2\/types\/product"}],"wp:featuredmedia":[{"embeddable":true,"href":"https:\/\/www.lojameraki.pt\/novo\/wp-json\/wp\/v2\/media\/10253"}],"wp:attachment":[{"href":"https:\/\/www.lojameraki.pt\/novo\/wp-json\/wp\/v2\/media?parent=10257"}],"wp:term":[{"taxonomy":"product_brand","embeddable":true,"href":"https:\/\/www.lojameraki.pt\/novo\/wp-json\/wp\/v2\/product_brand?post=10257"},{"taxonomy":"product_cat","embeddable":true,"href":"https:\/\/www.lojameraki.pt\/novo\/wp-json\/wp\/v2\/product_cat?post=10257"},{"taxonomy":"product_tag","embeddable":true,"href":"https:\/\/www.lojameraki.pt\/novo\/wp-json\/wp\/v2\/product_tag?post=10257"}],"curies":[{"name":"wp","href":"https:\/\/api.w.org\/{rel}","templated":true}]}}