{"id":10350,"date":"2025-07-01T15:12:56","date_gmt":"2025-07-01T15:12:56","guid":{"rendered":"https:\/\/www.lojameraki.pt\/novo\/?post_type=product&#038;p=10350"},"modified":"2025-12-17T16:44:51","modified_gmt":"2025-12-17T16:44:51","slug":"agulhas-fixas-350-mm","status":"publish","type":"product","link":"https:\/\/www.lojameraki.pt\/novo\/product\/agulhas-fixas-350-mm\/","title":{"rendered":"Agulhas fixas 3,50 mm"},"content":{"rendered":"<p>Agulhas de tricot circulares fixas<\/p>\n<p>Tamanho: 3,50\u00a0 mm<\/p>\n<p>Comprimento: 120 cm<\/p>\n<p>Estas agulhas circulares em metal tem transi\u00e7\u00f5es perfeitas e cabos flex\u00edveis proporcionam um tricotar muito confort\u00e1vel. As malhas deslizam facilmente pela agulha. ideal para magic loop.<\/p>\n","protected":false},"excerpt":{"rendered":"<p>Agulhas de tricot circulares fixas Tamanho: 3,50\u00a0 mm Comprimento: 120 cm Estas agulhas circulares em metal tem transi\u00e7\u00f5es perfeitas e cabos flex\u00edveis proporcionam um tricotar muito confort\u00e1vel. As malhas deslizam facilmente pela agulha. ideal para magic loop.<\/p>\n","protected":false},"featured_media":10219,"template":"","meta":{"_et_pb_use_builder":"","_et_pb_old_content":"","_et_gb_content_width":""},"product_brand":[],"product_cat":[28,206,542,207,203],"product_tag":[208],"class_list":{"0":"post-10350","1":"product","2":"type-product","3":"status-publish","4":"has-post-thumbnail","6":"product_cat-agulhas","7":"product_cat-marca","8":"product_cat-the-knitting-barber-marca","9":"product_cat-tipo","10":"product_cat-tricot-fixas","11":"product_tag-tricot","13":"first","14":"instock","15":"shipping-taxable","16":"purchasable","17":"product-type-simple"},"_links":{"self":[{"href":"https:\/\/www.lojameraki.pt\/novo\/wp-json\/wp\/v2\/product\/10350","targetHints":{"allow":["GET"]}}],"collection":[{"href":"https:\/\/www.lojameraki.pt\/novo\/wp-json\/wp\/v2\/product"}],"about":[{"href":"https:\/\/www.lojameraki.pt\/novo\/wp-json\/wp\/v2\/types\/product"}],"wp:featuredmedia":[{"embeddable":true,"href":"https:\/\/www.lojameraki.pt\/novo\/wp-json\/wp\/v2\/media\/10219"}],"wp:attachment":[{"href":"https:\/\/www.lojameraki.pt\/novo\/wp-json\/wp\/v2\/media?parent=10350"}],"wp:term":[{"taxonomy":"product_brand","embeddable":true,"href":"https:\/\/www.lojameraki.pt\/novo\/wp-json\/wp\/v2\/product_brand?post=10350"},{"taxonomy":"product_cat","embeddable":true,"href":"https:\/\/www.lojameraki.pt\/novo\/wp-json\/wp\/v2\/product_cat?post=10350"},{"taxonomy":"product_tag","embeddable":true,"href":"https:\/\/www.lojameraki.pt\/novo\/wp-json\/wp\/v2\/product_tag?post=10350"}],"curies":[{"name":"wp","href":"https:\/\/api.w.org\/{rel}","templated":true}]}}