{"id":10488,"date":"2025-09-18T09:19:33","date_gmt":"2025-09-18T09:19:33","guid":{"rendered":"https:\/\/www.lojameraki.pt\/novo\/?post_type=product&#038;p=10488"},"modified":"2025-09-18T16:59:16","modified_gmt":"2025-09-18T16:59:16","slug":"malabrigo-arroyo-sand-bank","status":"publish","type":"product","link":"https:\/\/www.lojameraki.pt\/novo\/product\/malabrigo-arroyo-sand-bank\/","title":{"rendered":"Malabrigo Arroyo Sand Bank"},"content":{"rendered":"<p>Malabrigo Arroyo Sand Bank<\/p>\n<p>Composi\u00e7\u00e3o: 100% L\u00e3 merino<\/p>\n<p>Peso: 100 gramas<\/p>\n<p>Comprimento: 306 metros |\u00a0 Sport<\/p>\n<p>Agulhas: 3,5 &#8211; 4 mm<\/p>\n<p>Amostra: 20 &#8211; 22 malhas\u00a0 (10 cm)<\/p>\n<p>lav\u00e1vel \u00e0 m\u00e1quina<\/p>\n","protected":false},"excerpt":{"rendered":"<p>Malabrigo Arroyo Sand Bank Composi\u00e7\u00e3o: 100% L\u00e3 merino Peso: 100 gramas Comprimento: 306 metros |\u00a0 Sport Agulhas: 3,5 &#8211; 4 mm Amostra: 20 &#8211; 22 malhas\u00a0 (10 cm) lav\u00e1vel \u00e0 m\u00e1quina<\/p>\n","protected":false},"featured_media":10489,"template":"","meta":{"_et_pb_use_builder":"","_et_pb_old_content":"","_et_gb_content_width":""},"product_brand":[],"product_cat":[197,22,23,20,71,98,21,110],"product_tag":[],"class_list":{"0":"post-10488","1":"product","2":"type-product","3":"status-publish","4":"has-post-thumbnail","6":"product_cat-arroyo","7":"product_cat-composicao","8":"product_cat-espessura","9":"product_cat-fios","10":"product_cat-la-merino","11":"product_cat-malabrigo-marcas","12":"product_cat-marcas","13":"product_cat-sport","15":"first","16":"outofstock","17":"shipping-taxable","18":"purchasable","19":"product-type-simple"},"_links":{"self":[{"href":"https:\/\/www.lojameraki.pt\/novo\/wp-json\/wp\/v2\/product\/10488","targetHints":{"allow":["GET"]}}],"collection":[{"href":"https:\/\/www.lojameraki.pt\/novo\/wp-json\/wp\/v2\/product"}],"about":[{"href":"https:\/\/www.lojameraki.pt\/novo\/wp-json\/wp\/v2\/types\/product"}],"wp:featuredmedia":[{"embeddable":true,"href":"https:\/\/www.lojameraki.pt\/novo\/wp-json\/wp\/v2\/media\/10489"}],"wp:attachment":[{"href":"https:\/\/www.lojameraki.pt\/novo\/wp-json\/wp\/v2\/media?parent=10488"}],"wp:term":[{"taxonomy":"product_brand","embeddable":true,"href":"https:\/\/www.lojameraki.pt\/novo\/wp-json\/wp\/v2\/product_brand?post=10488"},{"taxonomy":"product_cat","embeddable":true,"href":"https:\/\/www.lojameraki.pt\/novo\/wp-json\/wp\/v2\/product_cat?post=10488"},{"taxonomy":"product_tag","embeddable":true,"href":"https:\/\/www.lojameraki.pt\/novo\/wp-json\/wp\/v2\/product_tag?post=10488"}],"curies":[{"name":"wp","href":"https:\/\/api.w.org\/{rel}","templated":true}]}}