{"id":10526,"date":"2025-10-02T10:59:06","date_gmt":"2025-10-02T10:59:06","guid":{"rendered":"https:\/\/www.lojameraki.pt\/novo\/?post_type=product&#038;p=10526"},"modified":"2025-10-02T11:06:25","modified_gmt":"2025-10-02T11:06:25","slug":"folclore-01","status":"publish","type":"product","link":"https:\/\/www.lojameraki.pt\/novo\/product\/folclore-01\/","title":{"rendered":"Folclore 01"},"content":{"rendered":"<p>Folclore 01<\/p>\n<p>Composi\u00e7\u00e3o: 100% l\u00e3<\/p>\n<p>Peso: 100 gramas<\/p>\n<p>Comprimento: 190 metros | Aran<\/p>\n<p>Agulhas: 4,5 &#8211; 5,5 mm<\/p>\n<p>Amostra: 16 malhas x 25 carreiras\u00a0 (10 cm)<\/p>\n<p>lav\u00e1vel \u00e0 m\u00e3o<\/p>\n","protected":false},"excerpt":{"rendered":"<p>Folclore 01 Composi\u00e7\u00e3o: 100% l\u00e3 Peso: 100 gramas Comprimento: 190 metros | Aran Agulhas: 4,5 &#8211; 5,5 mm Amostra: 16 malhas x 25 carreiras\u00a0 (10 cm) lav\u00e1vel \u00e0 m\u00e3o<\/p>\n","protected":false},"featured_media":10527,"template":"","meta":{"_et_pb_use_builder":"","_et_pb_old_content":"","_et_gb_content_width":""},"product_brand":[],"product_cat":[112,22,23,20,552,70,21,95],"product_tag":[],"class_list":{"0":"post-10526","1":"product","2":"type-product","3":"status-publish","4":"has-post-thumbnail","6":"product_cat-aran","7":"product_cat-composicao","8":"product_cat-espessura","9":"product_cat-fios","10":"product_cat-folclore","11":"product_cat-la","12":"product_cat-marcas","13":"product_cat-rosarios-4-marcas","15":"first","16":"instock","17":"featured","18":"shipping-taxable","19":"purchasable","20":"product-type-simple"},"_links":{"self":[{"href":"https:\/\/www.lojameraki.pt\/novo\/wp-json\/wp\/v2\/product\/10526","targetHints":{"allow":["GET"]}}],"collection":[{"href":"https:\/\/www.lojameraki.pt\/novo\/wp-json\/wp\/v2\/product"}],"about":[{"href":"https:\/\/www.lojameraki.pt\/novo\/wp-json\/wp\/v2\/types\/product"}],"wp:featuredmedia":[{"embeddable":true,"href":"https:\/\/www.lojameraki.pt\/novo\/wp-json\/wp\/v2\/media\/10527"}],"wp:attachment":[{"href":"https:\/\/www.lojameraki.pt\/novo\/wp-json\/wp\/v2\/media?parent=10526"}],"wp:term":[{"taxonomy":"product_brand","embeddable":true,"href":"https:\/\/www.lojameraki.pt\/novo\/wp-json\/wp\/v2\/product_brand?post=10526"},{"taxonomy":"product_cat","embeddable":true,"href":"https:\/\/www.lojameraki.pt\/novo\/wp-json\/wp\/v2\/product_cat?post=10526"},{"taxonomy":"product_tag","embeddable":true,"href":"https:\/\/www.lojameraki.pt\/novo\/wp-json\/wp\/v2\/product_tag?post=10526"}],"curies":[{"name":"wp","href":"https:\/\/api.w.org\/{rel}","templated":true}]}}