{"id":10548,"date":"2025-10-02T11:28:09","date_gmt":"2025-10-02T11:28:09","guid":{"rendered":"https:\/\/www.lojameraki.pt\/novo\/?post_type=product&#038;p=10548"},"modified":"2025-10-02T11:29:10","modified_gmt":"2025-10-02T11:29:10","slug":"roda-viva-01","status":"publish","type":"product","link":"https:\/\/www.lojameraki.pt\/novo\/product\/roda-viva-01\/","title":{"rendered":"Roda Viva 01"},"content":{"rendered":"<p>Roda Viva 01<\/p>\n<p>Composi\u00e7\u00e3o: 43% l\u00e3; 57% acr\u00edlico<\/p>\n<p>Peso: 100 gramas<\/p>\n<p>Comprimento: 240 metros | Aran<\/p>\n<p>Agulhas: 5 &#8211; 5,5 mm<\/p>\n<p>Amostra: 17 malhas x 22 carreiras\u00a0 (10 cm)<\/p>\n<p>lav\u00e1vel \u00e0 m\u00e3o<\/p>\n","protected":false},"excerpt":{"rendered":"<p>Roda Viva 01 Composi\u00e7\u00e3o: 43% l\u00e3; 57% acr\u00edlico Peso: 100 gramas Comprimento: 240 metros | Aran Agulhas: 5 &#8211; 5,5 mm Amostra: 17 malhas x 22 carreiras\u00a0 (10 cm) lav\u00e1vel \u00e0 m\u00e3o<\/p>\n","protected":false},"featured_media":10542,"template":"","meta":{"_et_pb_use_builder":"","_et_pb_old_content":"","_et_gb_content_width":""},"product_brand":[],"product_cat":[82,112,22,23,20,70,21,553,95],"product_tag":[],"class_list":{"0":"post-10548","1":"product","2":"type-product","3":"status-publish","4":"has-post-thumbnail","6":"product_cat-acrilico","7":"product_cat-aran","8":"product_cat-composicao","9":"product_cat-espessura","10":"product_cat-fios","11":"product_cat-la","12":"product_cat-marcas","13":"product_cat-roda-viva","14":"product_cat-rosarios-4-marcas","16":"first","17":"instock","18":"featured","19":"shipping-taxable","20":"purchasable","21":"product-type-simple"},"_links":{"self":[{"href":"https:\/\/www.lojameraki.pt\/novo\/wp-json\/wp\/v2\/product\/10548","targetHints":{"allow":["GET"]}}],"collection":[{"href":"https:\/\/www.lojameraki.pt\/novo\/wp-json\/wp\/v2\/product"}],"about":[{"href":"https:\/\/www.lojameraki.pt\/novo\/wp-json\/wp\/v2\/types\/product"}],"wp:featuredmedia":[{"embeddable":true,"href":"https:\/\/www.lojameraki.pt\/novo\/wp-json\/wp\/v2\/media\/10542"}],"wp:attachment":[{"href":"https:\/\/www.lojameraki.pt\/novo\/wp-json\/wp\/v2\/media?parent=10548"}],"wp:term":[{"taxonomy":"product_brand","embeddable":true,"href":"https:\/\/www.lojameraki.pt\/novo\/wp-json\/wp\/v2\/product_brand?post=10548"},{"taxonomy":"product_cat","embeddable":true,"href":"https:\/\/www.lojameraki.pt\/novo\/wp-json\/wp\/v2\/product_cat?post=10548"},{"taxonomy":"product_tag","embeddable":true,"href":"https:\/\/www.lojameraki.pt\/novo\/wp-json\/wp\/v2\/product_tag?post=10548"}],"curies":[{"name":"wp","href":"https:\/\/api.w.org\/{rel}","templated":true}]}}