{"id":10551,"date":"2025-10-02T11:30:34","date_gmt":"2025-10-02T11:30:34","guid":{"rendered":"https:\/\/www.lojameraki.pt\/novo\/?post_type=product&#038;p=10551"},"modified":"2025-11-07T17:06:15","modified_gmt":"2025-11-07T17:06:15","slug":"roda-viva-13","status":"publish","type":"product","link":"https:\/\/www.lojameraki.pt\/novo\/product\/roda-viva-13\/","title":{"rendered":"Sunday  2511"},"content":{"rendered":"<p>Sunday 2511<\/p>\n<p>Composi\u00e7\u00e3o: 100% l\u00e3<\/p>\n<p>Peso: 50 gramas<\/p>\n<p>Comprimento: 235 metros | Fingering<\/p>\n<p>Agulhas: 3 mm<\/p>\n<p>Amostra: 28 malhas (10 cm)<\/p>\n<p>lav\u00e1vel \u00e0 m\u00e1quina &#8211; programa l\u00e3s<\/p>\n","protected":false},"excerpt":{"rendered":"<p>Sunday 2511 Composi\u00e7\u00e3o: 100% l\u00e3 Peso: 50 gramas Comprimento: 235 metros | Fingering Agulhas: 3 mm Amostra: 28 malhas (10 cm) lav\u00e1vel \u00e0 m\u00e1quina &#8211; programa l\u00e3s<\/p>\n","protected":false},"featured_media":10596,"template":"","meta":{"_et_pb_use_builder":"","_et_pb_old_content":"","_et_gb_content_width":""},"product_brand":[],"product_cat":[82,112,22,23,20,70,21,553,95],"product_tag":[],"class_list":{"0":"post-10551","1":"product","2":"type-product","3":"status-publish","4":"has-post-thumbnail","6":"product_cat-acrilico","7":"product_cat-aran","8":"product_cat-composicao","9":"product_cat-espessura","10":"product_cat-fios","11":"product_cat-la","12":"product_cat-marcas","13":"product_cat-roda-viva","14":"product_cat-rosarios-4-marcas","16":"first","17":"instock","18":"featured","19":"shipping-taxable","20":"purchasable","21":"product-type-simple"},"_links":{"self":[{"href":"https:\/\/www.lojameraki.pt\/novo\/wp-json\/wp\/v2\/product\/10551","targetHints":{"allow":["GET"]}}],"collection":[{"href":"https:\/\/www.lojameraki.pt\/novo\/wp-json\/wp\/v2\/product"}],"about":[{"href":"https:\/\/www.lojameraki.pt\/novo\/wp-json\/wp\/v2\/types\/product"}],"wp:featuredmedia":[{"embeddable":true,"href":"https:\/\/www.lojameraki.pt\/novo\/wp-json\/wp\/v2\/media\/10596"}],"wp:attachment":[{"href":"https:\/\/www.lojameraki.pt\/novo\/wp-json\/wp\/v2\/media?parent=10551"}],"wp:term":[{"taxonomy":"product_brand","embeddable":true,"href":"https:\/\/www.lojameraki.pt\/novo\/wp-json\/wp\/v2\/product_brand?post=10551"},{"taxonomy":"product_cat","embeddable":true,"href":"https:\/\/www.lojameraki.pt\/novo\/wp-json\/wp\/v2\/product_cat?post=10551"},{"taxonomy":"product_tag","embeddable":true,"href":"https:\/\/www.lojameraki.pt\/novo\/wp-json\/wp\/v2\/product_tag?post=10551"}],"curies":[{"name":"wp","href":"https:\/\/api.w.org\/{rel}","templated":true}]}}