{"id":10584,"date":"2025-10-31T18:05:19","date_gmt":"2025-10-31T18:05:19","guid":{"rendered":"https:\/\/www.lojameraki.pt\/novo\/?post_type=product&#038;p=10584"},"modified":"2025-11-07T17:30:35","modified_gmt":"2025-11-07T17:30:35","slug":"sunday-2511","status":"publish","type":"product","link":"https:\/\/www.lojameraki.pt\/novo\/product\/sunday-2511\/","title":{"rendered":"Sunday  2511"},"content":{"rendered":"<p>Sunday 2511<\/p>\n<p>Composi\u00e7\u00e3o:\u00a0 100%\u00a0 l\u00e3<\/p>\n<p>Peso: 50 gramas<\/p>\n<p>Comprimento: 325 metros\u00a0 | fingering<\/p>\n<p>Agulhas: 3 mm<\/p>\n<p>Amostra: 28 malhas\u00a0 \u00a0(10 cm)<\/p>\n<p>Lavav\u00e9l \u00e0 maquina ( programa l\u00e3s)<\/p>\n","protected":false},"excerpt":{"rendered":"<p>Sunday 2511 Composi\u00e7\u00e3o:\u00a0 100%\u00a0 l\u00e3 Peso: 50 gramas Comprimento: 325 metros\u00a0 | fingering Agulhas: 3 mm Amostra: 28 malhas\u00a0 \u00a0(10 cm) Lavav\u00e9l \u00e0 maquina ( programa l\u00e3s)<\/p>\n","protected":false},"featured_media":10596,"template":"","meta":{"_et_pb_use_builder":"","_et_pb_old_content":"","_et_gb_content_width":""},"product_brand":[],"product_cat":[22,23,87,20,70,21,554,555],"product_tag":[],"class_list":{"0":"post-10584","1":"product","2":"type-product","3":"status-publish","4":"has-post-thumbnail","6":"product_cat-composicao","7":"product_cat-espessura","8":"product_cat-fingering","9":"product_cat-fios","10":"product_cat-la","11":"product_cat-marcas","12":"product_cat-sandnes-garn","13":"product_cat-sunday","15":"first","16":"instock","17":"shipping-taxable","18":"purchasable","19":"product-type-simple"},"_links":{"self":[{"href":"https:\/\/www.lojameraki.pt\/novo\/wp-json\/wp\/v2\/product\/10584","targetHints":{"allow":["GET"]}}],"collection":[{"href":"https:\/\/www.lojameraki.pt\/novo\/wp-json\/wp\/v2\/product"}],"about":[{"href":"https:\/\/www.lojameraki.pt\/novo\/wp-json\/wp\/v2\/types\/product"}],"wp:featuredmedia":[{"embeddable":true,"href":"https:\/\/www.lojameraki.pt\/novo\/wp-json\/wp\/v2\/media\/10596"}],"wp:attachment":[{"href":"https:\/\/www.lojameraki.pt\/novo\/wp-json\/wp\/v2\/media?parent=10584"}],"wp:term":[{"taxonomy":"product_brand","embeddable":true,"href":"https:\/\/www.lojameraki.pt\/novo\/wp-json\/wp\/v2\/product_brand?post=10584"},{"taxonomy":"product_cat","embeddable":true,"href":"https:\/\/www.lojameraki.pt\/novo\/wp-json\/wp\/v2\/product_cat?post=10584"},{"taxonomy":"product_tag","embeddable":true,"href":"https:\/\/www.lojameraki.pt\/novo\/wp-json\/wp\/v2\/product_tag?post=10584"}],"curies":[{"name":"wp","href":"https:\/\/api.w.org\/{rel}","templated":true}]}}