{"id":10616,"date":"2025-11-07T18:36:37","date_gmt":"2025-11-07T18:36:37","guid":{"rendered":"https:\/\/www.lojameraki.pt\/novo\/?post_type=product&#038;p=10616"},"modified":"2025-11-07T18:37:18","modified_gmt":"2025-11-07T18:37:18","slug":"peer-gynt-4253","status":"publish","type":"product","link":"https:\/\/www.lojameraki.pt\/novo\/product\/peer-gynt-4253\/","title":{"rendered":"Peer Gynt  4253"},"content":{"rendered":"<p>Peer Gynt 4253<\/p>\n<p>Composi\u00e7\u00e3o:\u00a0 100%\u00a0 l\u00e3<\/p>\n<p>Peso: 50 gramas<\/p>\n<p>Comprimento: 91 metros\u00a0 |<\/p>\n<p>Agulhas: 3,5 -4 mm<\/p>\n<p>Amostra: 22 malhas\u00a0 \u00a0(10 cm)<\/p>\n<p>Lav\u00e1vel \u00e0 maquina ( programa l\u00e3s)<\/p>\n","protected":false},"excerpt":{"rendered":"<p>Peer Gynt 4253 Composi\u00e7\u00e3o:\u00a0 100%\u00a0 l\u00e3 Peso: 50 gramas Comprimento: 91 metros\u00a0 | Agulhas: 3,5 -4 mm Amostra: 22 malhas\u00a0 \u00a0(10 cm) Lav\u00e1vel \u00e0 maquina ( programa l\u00e3s)<\/p>\n","protected":false},"featured_media":10617,"template":"","meta":{"_et_pb_use_builder":"","_et_pb_old_content":"","_et_gb_content_width":""},"product_brand":[],"product_cat":[22,88,23,20,70,21,556,554],"product_tag":[],"class_list":{"0":"post-10616","1":"product","2":"type-product","3":"status-publish","4":"has-post-thumbnail","6":"product_cat-composicao","7":"product_cat-dk","8":"product_cat-espessura","9":"product_cat-fios","10":"product_cat-la","11":"product_cat-marcas","12":"product_cat-peer-gynt","13":"product_cat-sandnes-garn","15":"first","16":"instock","17":"shipping-taxable","18":"purchasable","19":"product-type-simple"},"_links":{"self":[{"href":"https:\/\/www.lojameraki.pt\/novo\/wp-json\/wp\/v2\/product\/10616","targetHints":{"allow":["GET"]}}],"collection":[{"href":"https:\/\/www.lojameraki.pt\/novo\/wp-json\/wp\/v2\/product"}],"about":[{"href":"https:\/\/www.lojameraki.pt\/novo\/wp-json\/wp\/v2\/types\/product"}],"wp:featuredmedia":[{"embeddable":true,"href":"https:\/\/www.lojameraki.pt\/novo\/wp-json\/wp\/v2\/media\/10617"}],"wp:attachment":[{"href":"https:\/\/www.lojameraki.pt\/novo\/wp-json\/wp\/v2\/media?parent=10616"}],"wp:term":[{"taxonomy":"product_brand","embeddable":true,"href":"https:\/\/www.lojameraki.pt\/novo\/wp-json\/wp\/v2\/product_brand?post=10616"},{"taxonomy":"product_cat","embeddable":true,"href":"https:\/\/www.lojameraki.pt\/novo\/wp-json\/wp\/v2\/product_cat?post=10616"},{"taxonomy":"product_tag","embeddable":true,"href":"https:\/\/www.lojameraki.pt\/novo\/wp-json\/wp\/v2\/product_tag?post=10616"}],"curies":[{"name":"wp","href":"https:\/\/api.w.org\/{rel}","templated":true}]}}