{"id":10668,"date":"2025-12-02T16:39:43","date_gmt":"2025-12-02T16:39:43","guid":{"rendered":"https:\/\/www.lojameraki.pt\/novo\/?post_type=product&#038;p=10668"},"modified":"2025-12-02T16:42:37","modified_gmt":"2025-12-02T16:42:37","slug":"kit-amigurumi-natal-pai-natal","status":"publish","type":"product","link":"https:\/\/www.lojameraki.pt\/novo\/product\/kit-amigurumi-natal-pai-natal\/","title":{"rendered":"Kit Amigurumi  Natal &#8211; pai natal"},"content":{"rendered":"<p>Kit Amigourumi\u00a0 \u00a0&#8211; Cole\u00e7\u00e3o Natal 2025<\/p>\n<p>Este kit cont\u00e9m:<\/p>\n<h6>Novelos de Amigurumi;<\/h6>\n<h6>Meadas de Amigurumi;<\/h6>\n<h6>Agulha para croch\u00ea &#8211; 2,5 mm;<\/h6>\n<h6>Agulha de tape\u00e7aria n\u00ba 16;<\/h6>\n<h6>Fibra de enchimento \u2013 40 g;<\/h6>\n<h6>Marcador de ponto Cadeado.<\/h6>\n<p>&nbsp;<\/p>\n","protected":false},"excerpt":{"rendered":"<p>Kit Amigourumi\u00a0 \u00a0&#8211; Cole\u00e7\u00e3o Natal 2025 Este kit cont\u00e9m: Novelos de Amigurumi; Meadas de Amigurumi; Agulha para croch\u00ea &#8211; 2,5 mm; Agulha de tape\u00e7aria n\u00ba 16; Fibra de enchimento \u2013 40 g; Marcador de ponto Cadeado. &nbsp;<\/p>\n","protected":false},"featured_media":10669,"template":"","meta":{"_et_pb_use_builder":"","_et_pb_old_content":"","_et_gb_content_width":""},"product_brand":[],"product_cat":[426,443,20,444,21],"product_tag":[],"class_list":{"0":"post-10668","1":"product","2":"type-product","3":"status-publish","4":"has-post-thumbnail","6":"product_cat-amigurimi","7":"product_cat-circulo","8":"product_cat-fios","9":"product_cat-kit-amigurumi","10":"product_cat-marcas","12":"first","13":"instock","14":"shipping-taxable","15":"purchasable","16":"product-type-simple"},"_links":{"self":[{"href":"https:\/\/www.lojameraki.pt\/novo\/wp-json\/wp\/v2\/product\/10668","targetHints":{"allow":["GET"]}}],"collection":[{"href":"https:\/\/www.lojameraki.pt\/novo\/wp-json\/wp\/v2\/product"}],"about":[{"href":"https:\/\/www.lojameraki.pt\/novo\/wp-json\/wp\/v2\/types\/product"}],"wp:featuredmedia":[{"embeddable":true,"href":"https:\/\/www.lojameraki.pt\/novo\/wp-json\/wp\/v2\/media\/10669"}],"wp:attachment":[{"href":"https:\/\/www.lojameraki.pt\/novo\/wp-json\/wp\/v2\/media?parent=10668"}],"wp:term":[{"taxonomy":"product_brand","embeddable":true,"href":"https:\/\/www.lojameraki.pt\/novo\/wp-json\/wp\/v2\/product_brand?post=10668"},{"taxonomy":"product_cat","embeddable":true,"href":"https:\/\/www.lojameraki.pt\/novo\/wp-json\/wp\/v2\/product_cat?post=10668"},{"taxonomy":"product_tag","embeddable":true,"href":"https:\/\/www.lojameraki.pt\/novo\/wp-json\/wp\/v2\/product_tag?post=10668"}],"curies":[{"name":"wp","href":"https:\/\/api.w.org\/{rel}","templated":true}]}}