{"id":10672,"date":"2025-12-02T16:44:08","date_gmt":"2025-12-02T16:44:08","guid":{"rendered":"https:\/\/www.lojameraki.pt\/novo\/?post_type=product&#038;p=10672"},"modified":"2025-12-02T16:45:30","modified_gmt":"2025-12-02T16:45:30","slug":"kit-amigurumi-hello-kitty","status":"publish","type":"product","link":"https:\/\/www.lojameraki.pt\/novo\/product\/kit-amigurumi-hello-kitty\/","title":{"rendered":"Kit Amigurumi Hello Kitty"},"content":{"rendered":"<p>Kit Amigurumi Hello Kitty<\/p>\n<p>Este kit cont\u00e9m todos os materiais necess\u00e1rios para a realiza\u00e7\u00e3o da pe\u00e7a.<\/p>\n<h6><\/h6>\n<p>&nbsp;<\/p>\n","protected":false},"excerpt":{"rendered":"<p>Kit Amigurumi Hello Kitty Este kit cont\u00e9m todos os materiais necess\u00e1rios para a realiza\u00e7\u00e3o da pe\u00e7a. &nbsp;<\/p>\n","protected":false},"featured_media":10673,"template":"","meta":{"_et_pb_use_builder":"","_et_pb_old_content":"","_et_gb_content_width":""},"product_brand":[],"product_cat":[426,443,20,444,21],"product_tag":[],"class_list":{"0":"post-10672","1":"product","2":"type-product","3":"status-publish","4":"has-post-thumbnail","6":"product_cat-amigurimi","7":"product_cat-circulo","8":"product_cat-fios","9":"product_cat-kit-amigurumi","10":"product_cat-marcas","12":"first","13":"instock","14":"shipping-taxable","15":"purchasable","16":"product-type-simple"},"_links":{"self":[{"href":"https:\/\/www.lojameraki.pt\/novo\/wp-json\/wp\/v2\/product\/10672","targetHints":{"allow":["GET"]}}],"collection":[{"href":"https:\/\/www.lojameraki.pt\/novo\/wp-json\/wp\/v2\/product"}],"about":[{"href":"https:\/\/www.lojameraki.pt\/novo\/wp-json\/wp\/v2\/types\/product"}],"wp:featuredmedia":[{"embeddable":true,"href":"https:\/\/www.lojameraki.pt\/novo\/wp-json\/wp\/v2\/media\/10673"}],"wp:attachment":[{"href":"https:\/\/www.lojameraki.pt\/novo\/wp-json\/wp\/v2\/media?parent=10672"}],"wp:term":[{"taxonomy":"product_brand","embeddable":true,"href":"https:\/\/www.lojameraki.pt\/novo\/wp-json\/wp\/v2\/product_brand?post=10672"},{"taxonomy":"product_cat","embeddable":true,"href":"https:\/\/www.lojameraki.pt\/novo\/wp-json\/wp\/v2\/product_cat?post=10672"},{"taxonomy":"product_tag","embeddable":true,"href":"https:\/\/www.lojameraki.pt\/novo\/wp-json\/wp\/v2\/product_tag?post=10672"}],"curies":[{"name":"wp","href":"https:\/\/api.w.org\/{rel}","templated":true}]}}