{"id":10682,"date":"2025-12-05T16:37:19","date_gmt":"2025-12-05T16:37:19","guid":{"rendered":"https:\/\/www.lojameraki.pt\/novo\/?post_type=product&#038;p=10682"},"modified":"2025-12-05T16:40:37","modified_gmt":"2025-12-05T16:40:37","slug":"kit-feltragem-facil-cogumelos","status":"publish","type":"product","link":"https:\/\/www.lojameraki.pt\/novo\/product\/kit-feltragem-facil-cogumelos\/","title":{"rendered":"Kit feltragem interm\u00e9dio &#8211; Floresta"},"content":{"rendered":"<p>Kit feltragem interm\u00e9dio &#8211; Floresta<\/p>\n<p>Este kit inclui:<br \/>\n\u00b1 25 g de l\u00e3 cardada \u2013 100% l\u00e3<br \/>\n1 meada de fio de 2 m<br \/>\n1 base de espuma EPE (polietileno expandido) \u2013 10 x 12 x 3,4 cm<br \/>\n2 agulhas de feltragem<br \/>\n1 cabo de madeira<br \/>\nInstru\u00e7\u00f5es em EN\/FR\/ES\/DE\/IT\/PT\/NL + c\u00f3digo QR com liga\u00e7\u00e3o para tutoriais em v\u00eddeo<\/p>\n","protected":false},"excerpt":{"rendered":"<p>Kit feltragem interm\u00e9dio &#8211; Floresta Este kit inclui: \u00b1 25 g de l\u00e3 cardada \u2013 100% l\u00e3 1 meada de fio de 2 m 1 base de espuma EPE (polietileno expandido) \u2013 10 x 12 x 3,4 cm 2 agulhas de feltragem 1 cabo de madeira Instru\u00e7\u00f5es em EN\/FR\/ES\/DE\/IT\/PT\/NL + c\u00f3digo QR com liga\u00e7\u00e3o para [&hellip;]<\/p>\n","protected":false},"featured_media":10685,"template":"","meta":{"_et_pb_use_builder":"","_et_pb_old_content":"","_et_gb_content_width":""},"product_brand":[],"product_cat":[187,451,460,331,20,21,27],"product_tag":[],"class_list":{"0":"post-10682","1":"product","2":"type-product","3":"status-publish","4":"has-post-thumbnail","6":"product_cat-acessorios","7":"product_cat-bordado-acessorios","8":"product_cat-diversos","9":"product_cat-dmc","10":"product_cat-fios","11":"product_cat-marcas","12":"product_cat-outros","14":"first","15":"instock","16":"shipping-taxable","17":"purchasable","18":"product-type-simple"},"_links":{"self":[{"href":"https:\/\/www.lojameraki.pt\/novo\/wp-json\/wp\/v2\/product\/10682","targetHints":{"allow":["GET"]}}],"collection":[{"href":"https:\/\/www.lojameraki.pt\/novo\/wp-json\/wp\/v2\/product"}],"about":[{"href":"https:\/\/www.lojameraki.pt\/novo\/wp-json\/wp\/v2\/types\/product"}],"wp:featuredmedia":[{"embeddable":true,"href":"https:\/\/www.lojameraki.pt\/novo\/wp-json\/wp\/v2\/media\/10685"}],"wp:attachment":[{"href":"https:\/\/www.lojameraki.pt\/novo\/wp-json\/wp\/v2\/media?parent=10682"}],"wp:term":[{"taxonomy":"product_brand","embeddable":true,"href":"https:\/\/www.lojameraki.pt\/novo\/wp-json\/wp\/v2\/product_brand?post=10682"},{"taxonomy":"product_cat","embeddable":true,"href":"https:\/\/www.lojameraki.pt\/novo\/wp-json\/wp\/v2\/product_cat?post=10682"},{"taxonomy":"product_tag","embeddable":true,"href":"https:\/\/www.lojameraki.pt\/novo\/wp-json\/wp\/v2\/product_tag?post=10682"}],"curies":[{"name":"wp","href":"https:\/\/api.w.org\/{rel}","templated":true}]}}