{"id":10687,"date":"2025-12-05T16:43:28","date_gmt":"2025-12-05T16:43:28","guid":{"rendered":"https:\/\/www.lojameraki.pt\/novo\/?post_type=product&#038;p=10687"},"modified":"2025-12-05T16:44:24","modified_gmt":"2025-12-05T16:44:24","slug":"kit-de-acessorios-para-feltragem","status":"publish","type":"product","link":"https:\/\/www.lojameraki.pt\/novo\/product\/kit-de-acessorios-para-feltragem\/","title":{"rendered":"kit de acess\u00f3rios para feltragem"},"content":{"rendered":"<p>kit de acess\u00f3rios para feltragem<\/p>\n<p>Este pack inclui todas as ferramentas e acess\u00f3rios necess\u00e1rios para criar belas pe\u00e7as de feltragem.<\/p>\n<p>Inclui dois protetores de couro para os dedos, que garantem seguran\u00e7a durante o trabalho, duas agulhas de feltragem para detalhes e \u00e1reas pequenas, um cabo de madeira com tr\u00eas agulhas maiores para cobrir superf\u00edcies amplas e uma base de espuma que proporciona a superf\u00edcie ideal para a feltragem.<\/p>\n<p>Conte\u00fado do pack:<br \/>\n2 protetores de couro para os dedos<br \/>\n2 agulhas de feltragem para detalhes e \u00e1reas pequenas<br \/>\n3 agulhas de feltragem + cabo de madeira para \u00e1reas maiores<br \/>\n1 base de espuma EPE (polietileno expandido) \u2013 10 x 3,5 x 12 cm<\/p>\n","protected":false},"excerpt":{"rendered":"<p>kit de acess\u00f3rios para feltragem Este pack inclui todas as ferramentas e acess\u00f3rios necess\u00e1rios para criar belas pe\u00e7as de feltragem. Inclui dois protetores de couro para os dedos, que garantem seguran\u00e7a durante o trabalho, duas agulhas de feltragem para detalhes e \u00e1reas pequenas, um cabo de madeira com tr\u00eas agulhas maiores para cobrir superf\u00edcies amplas [&hellip;]<\/p>\n","protected":false},"featured_media":10688,"template":"","meta":{"_et_pb_use_builder":"","_et_pb_old_content":"","_et_gb_content_width":""},"product_brand":[],"product_cat":[187,451,460,331,20,21,27],"product_tag":[],"class_list":{"0":"post-10687","1":"product","2":"type-product","3":"status-publish","4":"has-post-thumbnail","6":"product_cat-acessorios","7":"product_cat-bordado-acessorios","8":"product_cat-diversos","9":"product_cat-dmc","10":"product_cat-fios","11":"product_cat-marcas","12":"product_cat-outros","14":"first","15":"instock","16":"shipping-taxable","17":"purchasable","18":"product-type-simple"},"_links":{"self":[{"href":"https:\/\/www.lojameraki.pt\/novo\/wp-json\/wp\/v2\/product\/10687","targetHints":{"allow":["GET"]}}],"collection":[{"href":"https:\/\/www.lojameraki.pt\/novo\/wp-json\/wp\/v2\/product"}],"about":[{"href":"https:\/\/www.lojameraki.pt\/novo\/wp-json\/wp\/v2\/types\/product"}],"wp:featuredmedia":[{"embeddable":true,"href":"https:\/\/www.lojameraki.pt\/novo\/wp-json\/wp\/v2\/media\/10688"}],"wp:attachment":[{"href":"https:\/\/www.lojameraki.pt\/novo\/wp-json\/wp\/v2\/media?parent=10687"}],"wp:term":[{"taxonomy":"product_brand","embeddable":true,"href":"https:\/\/www.lojameraki.pt\/novo\/wp-json\/wp\/v2\/product_brand?post=10687"},{"taxonomy":"product_cat","embeddable":true,"href":"https:\/\/www.lojameraki.pt\/novo\/wp-json\/wp\/v2\/product_cat?post=10687"},{"taxonomy":"product_tag","embeddable":true,"href":"https:\/\/www.lojameraki.pt\/novo\/wp-json\/wp\/v2\/product_tag?post=10687"}],"curies":[{"name":"wp","href":"https:\/\/api.w.org\/{rel}","templated":true}]}}