{"id":10705,"date":"2025-12-05T17:00:27","date_gmt":"2025-12-05T17:00:27","guid":{"rendered":"https:\/\/www.lojameraki.pt\/novo\/?post_type=product&#038;p=10705"},"modified":"2025-12-05T17:02:08","modified_gmt":"2025-12-05T17:02:08","slug":"la-cardada-para-feltragem-pack-de-5-mechas-primavera","status":"publish","type":"product","link":"https:\/\/www.lojameraki.pt\/novo\/product\/la-cardada-para-feltragem-pack-de-5-mechas-primavera\/","title":{"rendered":"L\u00e3 cardada para feltragem, pack de 5  mechas  &#8211; primavera"},"content":{"rendered":"<p>Cada pack cont\u00e9m cinco cores de l\u00e3 cardada, cuidadosamente selecionadas e agrupadas em paletas tem\u00e1ticas para projetos de feltragem com agulha, como decora\u00e7\u00f5es, aplica\u00e7\u00f5es em roupa, pregadeiras, presentes e muito mais.<\/p>\n<p>Com cinco packs dispon\u00edveis, pode criar os seus pr\u00f3prios designs ou inspirar-se num dos nossos livros de inspira\u00e7\u00e3o, repletos de projetos tem\u00e1ticos de feltragem.<\/p>\n<p>Cada pack inclui:<br \/>\n5 x 5 g de l\u00e3 cardada, 100% l\u00e3<\/p>\n","protected":false},"excerpt":{"rendered":"<p>Cada pack cont\u00e9m cinco cores de l\u00e3 cardada, cuidadosamente selecionadas e agrupadas em paletas tem\u00e1ticas para projetos de feltragem com agulha, como decora\u00e7\u00f5es, aplica\u00e7\u00f5es em roupa, pregadeiras, presentes e muito mais. Com cinco packs dispon\u00edveis, pode criar os seus pr\u00f3prios designs ou inspirar-se num dos nossos livros de inspira\u00e7\u00e3o, repletos de projetos tem\u00e1ticos de feltragem. [&hellip;]<\/p>\n","protected":false},"featured_media":10696,"template":"","meta":{"_et_pb_use_builder":"","_et_pb_old_content":"","_et_gb_content_width":""},"product_brand":[],"product_cat":[187,451,460,331,20,21,27],"product_tag":[],"class_list":{"0":"post-10705","1":"product","2":"type-product","3":"status-publish","4":"has-post-thumbnail","6":"product_cat-acessorios","7":"product_cat-bordado-acessorios","8":"product_cat-diversos","9":"product_cat-dmc","10":"product_cat-fios","11":"product_cat-marcas","12":"product_cat-outros","14":"first","15":"instock","16":"shipping-taxable","17":"purchasable","18":"product-type-simple"},"_links":{"self":[{"href":"https:\/\/www.lojameraki.pt\/novo\/wp-json\/wp\/v2\/product\/10705","targetHints":{"allow":["GET"]}}],"collection":[{"href":"https:\/\/www.lojameraki.pt\/novo\/wp-json\/wp\/v2\/product"}],"about":[{"href":"https:\/\/www.lojameraki.pt\/novo\/wp-json\/wp\/v2\/types\/product"}],"wp:featuredmedia":[{"embeddable":true,"href":"https:\/\/www.lojameraki.pt\/novo\/wp-json\/wp\/v2\/media\/10696"}],"wp:attachment":[{"href":"https:\/\/www.lojameraki.pt\/novo\/wp-json\/wp\/v2\/media?parent=10705"}],"wp:term":[{"taxonomy":"product_brand","embeddable":true,"href":"https:\/\/www.lojameraki.pt\/novo\/wp-json\/wp\/v2\/product_brand?post=10705"},{"taxonomy":"product_cat","embeddable":true,"href":"https:\/\/www.lojameraki.pt\/novo\/wp-json\/wp\/v2\/product_cat?post=10705"},{"taxonomy":"product_tag","embeddable":true,"href":"https:\/\/www.lojameraki.pt\/novo\/wp-json\/wp\/v2\/product_tag?post=10705"}],"curies":[{"name":"wp","href":"https:\/\/api.w.org\/{rel}","templated":true}]}}