{"id":10711,"date":"2025-12-05T17:12:36","date_gmt":"2025-12-05T17:12:36","guid":{"rendered":"https:\/\/www.lojameraki.pt\/novo\/?post_type=product&#038;p=10711"},"modified":"2025-12-05T17:13:50","modified_gmt":"2025-12-05T17:13:50","slug":"decoracoes-de-natal-em-forma-de-pinheiro-para-bordar-sino","status":"publish","type":"product","link":"https:\/\/www.lojameraki.pt\/novo\/product\/decoracoes-de-natal-em-forma-de-pinheiro-para-bordar-sino\/","title":{"rendered":"Decora\u00e7\u00f5es de Natal em forma de pinheiro, para bordar &#8211; sino"},"content":{"rendered":"<p>Borde as suas pr\u00f3prias decora\u00e7\u00f5es de Natal, perfeitas para adicionar um toque criativo \u00e0 sua \u00e1rvore de Natal ou a qualquer outra decora\u00e7\u00e3o sazonal. \u00c9 um presente encantador para oferecer a um amigo criativo ou um projeto divertido para realizar por conta pr\u00f3pria.<\/p>\n<p>O pack inclui tr\u00eas decora\u00e7\u00f5es em madeira perfurada, que pode personalizar utilizando os fios recomendados Moulin\u00e9 Sp\u00e9cial e Moulin\u00e9 Light Effects. Um c\u00f3digo QR d\u00e1 acesso a ideias de motivos para inspirar a sua criatividade.<\/p>\n<p>Conte\u00fado:<br \/>\n3 decora\u00e7\u00f5es em MDF perfurado<br \/>\n3 cord\u00f5es de juta para pendurar<br \/>\nC\u00f3digo QR com ideias de cria\u00e7\u00e3o<\/p>\n<p>Dimens\u00f5es: 9,6 x 7,3 cm<\/p>\n","protected":false},"excerpt":{"rendered":"<p>Borde as suas pr\u00f3prias decora\u00e7\u00f5es de Natal, perfeitas para adicionar um toque criativo \u00e0 sua \u00e1rvore de Natal ou a qualquer outra decora\u00e7\u00e3o sazonal. \u00c9 um presente encantador para oferecer a um amigo criativo ou um projeto divertido para realizar por conta pr\u00f3pria. O pack inclui tr\u00eas decora\u00e7\u00f5es em madeira perfurada, que pode personalizar utilizando [&hellip;]<\/p>\n","protected":false},"featured_media":10712,"template":"","meta":{"_et_pb_use_builder":"","_et_pb_old_content":"","_et_gb_content_width":""},"product_brand":[],"product_cat":[187,451,460,331,20,21,27],"product_tag":[],"class_list":{"0":"post-10711","1":"product","2":"type-product","3":"status-publish","4":"has-post-thumbnail","6":"product_cat-acessorios","7":"product_cat-bordado-acessorios","8":"product_cat-diversos","9":"product_cat-dmc","10":"product_cat-fios","11":"product_cat-marcas","12":"product_cat-outros","14":"first","15":"instock","16":"shipping-taxable","17":"purchasable","18":"product-type-simple"},"_links":{"self":[{"href":"https:\/\/www.lojameraki.pt\/novo\/wp-json\/wp\/v2\/product\/10711","targetHints":{"allow":["GET"]}}],"collection":[{"href":"https:\/\/www.lojameraki.pt\/novo\/wp-json\/wp\/v2\/product"}],"about":[{"href":"https:\/\/www.lojameraki.pt\/novo\/wp-json\/wp\/v2\/types\/product"}],"wp:featuredmedia":[{"embeddable":true,"href":"https:\/\/www.lojameraki.pt\/novo\/wp-json\/wp\/v2\/media\/10712"}],"wp:attachment":[{"href":"https:\/\/www.lojameraki.pt\/novo\/wp-json\/wp\/v2\/media?parent=10711"}],"wp:term":[{"taxonomy":"product_brand","embeddable":true,"href":"https:\/\/www.lojameraki.pt\/novo\/wp-json\/wp\/v2\/product_brand?post=10711"},{"taxonomy":"product_cat","embeddable":true,"href":"https:\/\/www.lojameraki.pt\/novo\/wp-json\/wp\/v2\/product_cat?post=10711"},{"taxonomy":"product_tag","embeddable":true,"href":"https:\/\/www.lojameraki.pt\/novo\/wp-json\/wp\/v2\/product_tag?post=10711"}],"curies":[{"name":"wp","href":"https:\/\/api.w.org\/{rel}","templated":true}]}}