{"id":10804,"date":"2026-02-28T12:05:08","date_gmt":"2026-02-28T12:05:08","guid":{"rendered":"https:\/\/www.lojameraki.pt\/novo\/?post_type=product&#038;p=10804"},"modified":"2026-02-28T12:08:38","modified_gmt":"2026-02-28T12:08:38","slug":"marfim-9008","status":"publish","type":"product","link":"https:\/\/www.lojameraki.pt\/novo\/product\/marfim-9008\/","title":{"rendered":"Marfim 9792"},"content":{"rendered":"<p>Marfim 9792 roxo patativa<\/p>\n<p>Composi\u00e7\u00e3o: 71% Acr\u00edlico, 18% Poliamida, 11% Poli\u00e9ster<\/p>\n<p>Peso: 200 gramas<\/p>\n<p>Comprimento: 400 metros\u00a0 |<\/p>\n<p>Agulhas: 4 mm &#8211; 7 mm<\/p>\n<p>&nbsp;<\/p>\n","protected":false},"excerpt":{"rendered":"<p>Marfim \u00e9 sin\u00f4nimo de sofistica\u00e7\u00e3o. Com cores em degrad\u00ea deslumbrantes, toque cashmere e uma mistura especial de acr\u00edlico, poliamida e poli\u00e9ster, o fio proporciona um visual elegante e um conforto excecional. \u00c9 perfeito para a confe\u00e7\u00e3o de pe\u00e7as \u00fanicas e sofisticadas.<\/p>\n","protected":false},"featured_media":10806,"template":"","meta":{"_et_pb_use_builder":"","_et_pb_old_content":"","_et_gb_content_width":""},"product_brand":[],"product_cat":[82,443,22,88,23,20,21,557],"product_tag":[],"class_list":{"0":"post-10804","1":"product","2":"type-product","3":"status-publish","4":"has-post-thumbnail","6":"product_cat-acrilico","7":"product_cat-circulo","8":"product_cat-composicao","9":"product_cat-dk","10":"product_cat-espessura","11":"product_cat-fios","12":"product_cat-marcas","13":"product_cat-marfim","15":"first","16":"instock","17":"shipping-taxable","18":"purchasable","19":"product-type-simple"},"_links":{"self":[{"href":"https:\/\/www.lojameraki.pt\/novo\/wp-json\/wp\/v2\/product\/10804","targetHints":{"allow":["GET"]}}],"collection":[{"href":"https:\/\/www.lojameraki.pt\/novo\/wp-json\/wp\/v2\/product"}],"about":[{"href":"https:\/\/www.lojameraki.pt\/novo\/wp-json\/wp\/v2\/types\/product"}],"wp:featuredmedia":[{"embeddable":true,"href":"https:\/\/www.lojameraki.pt\/novo\/wp-json\/wp\/v2\/media\/10806"}],"wp:attachment":[{"href":"https:\/\/www.lojameraki.pt\/novo\/wp-json\/wp\/v2\/media?parent=10804"}],"wp:term":[{"taxonomy":"product_brand","embeddable":true,"href":"https:\/\/www.lojameraki.pt\/novo\/wp-json\/wp\/v2\/product_brand?post=10804"},{"taxonomy":"product_cat","embeddable":true,"href":"https:\/\/www.lojameraki.pt\/novo\/wp-json\/wp\/v2\/product_cat?post=10804"},{"taxonomy":"product_tag","embeddable":true,"href":"https:\/\/www.lojameraki.pt\/novo\/wp-json\/wp\/v2\/product_tag?post=10804"}],"curies":[{"name":"wp","href":"https:\/\/api.w.org\/{rel}","templated":true}]}}