{"id":10866,"date":"2026-03-28T11:48:10","date_gmt":"2026-03-28T11:48:10","guid":{"rendered":"https:\/\/www.lojameraki.pt\/novo\/?post_type=product&#038;p=10866"},"modified":"2026-03-28T11:48:33","modified_gmt":"2026-03-28T11:48:33","slug":"falesia-39","status":"publish","type":"product","link":"https:\/\/www.lojameraki.pt\/novo\/product\/falesia-39\/","title":{"rendered":"Fal\u00e9sia 39"},"content":{"rendered":"<p>Fal\u00e9sia 39<\/p>\n<p>Composi\u00e7\u00e3o:\u00a0 50% algod\u00e3o; 50% viscose de bambu<\/p>\n<p>Peso: 100 gramas<\/p>\n<p>Comprimento: 290 metros\u00a0 | Sport<\/p>\n<p>Agulhas: 3mm &#8211; 3,5 mm<\/p>\n<p>Amostra: 25 malhas\u00a0 por 36 carreiras\u00a0 (10 cm)<\/p>\n<p>&nbsp;<\/p>\n","protected":false},"excerpt":{"rendered":"<p>Fal\u00e9sia 39 Composi\u00e7\u00e3o:\u00a0 50% algod\u00e3o; 50% viscose de bambu Peso: 100 gramas Comprimento: 290 metros\u00a0 | Sport Agulhas: 3mm &#8211; 3,5 mm Amostra: 25 malhas\u00a0 por 36 carreiras\u00a0 (10 cm) &nbsp;<\/p>\n","protected":false},"featured_media":10862,"template":"","meta":{"_et_pb_use_builder":"","_et_pb_old_content":"","_et_gb_content_width":""},"product_brand":[],"product_cat":[77,83,23,379,20,21,26,95,110],"product_tag":[],"class_list":{"0":"post-10866","1":"product","2":"type-product","3":"status-publish","4":"has-post-thumbnail","6":"product_cat-algodao","7":"product_cat-bambu","8":"product_cat-espessura","9":"product_cat-falesia","10":"product_cat-fios","11":"product_cat-marcas","12":"product_cat-primavera-verao","13":"product_cat-rosarios-4-marcas","14":"product_cat-sport","16":"first","17":"instock","18":"shipping-taxable","19":"purchasable","20":"product-type-simple"},"_links":{"self":[{"href":"https:\/\/www.lojameraki.pt\/novo\/wp-json\/wp\/v2\/product\/10866","targetHints":{"allow":["GET"]}}],"collection":[{"href":"https:\/\/www.lojameraki.pt\/novo\/wp-json\/wp\/v2\/product"}],"about":[{"href":"https:\/\/www.lojameraki.pt\/novo\/wp-json\/wp\/v2\/types\/product"}],"wp:featuredmedia":[{"embeddable":true,"href":"https:\/\/www.lojameraki.pt\/novo\/wp-json\/wp\/v2\/media\/10862"}],"wp:attachment":[{"href":"https:\/\/www.lojameraki.pt\/novo\/wp-json\/wp\/v2\/media?parent=10866"}],"wp:term":[{"taxonomy":"product_brand","embeddable":true,"href":"https:\/\/www.lojameraki.pt\/novo\/wp-json\/wp\/v2\/product_brand?post=10866"},{"taxonomy":"product_cat","embeddable":true,"href":"https:\/\/www.lojameraki.pt\/novo\/wp-json\/wp\/v2\/product_cat?post=10866"},{"taxonomy":"product_tag","embeddable":true,"href":"https:\/\/www.lojameraki.pt\/novo\/wp-json\/wp\/v2\/product_tag?post=10866"}],"curies":[{"name":"wp","href":"https:\/\/api.w.org\/{rel}","templated":true}]}}