{"id":10927,"date":"2026-04-14T15:58:45","date_gmt":"2026-04-14T15:58:45","guid":{"rendered":"https:\/\/www.lojameraki.pt\/novo\/?post_type=product&#038;p=10927"},"modified":"2026-04-14T15:59:17","modified_gmt":"2026-04-14T15:59:17","slug":"cotton-dk-021","status":"publish","type":"product","link":"https:\/\/www.lojameraki.pt\/novo\/product\/cotton-dk-021\/","title":{"rendered":"Cotton DK 021"},"content":{"rendered":"<p>Cotton DK 021 taupe<\/p>\n<p>Composi\u00e7\u00e3o: 100% algod\u00e3o<\/p>\n<p>Peso: 50 gramas<\/p>\n<p>Comprimento: 106 metros\u00a0 | DK<\/p>\n<p>Agulhas: 4 mm<\/p>\n<p>Amostra: 22 malhas por 28 carreiras\u00a0 \u00a0(10 cm x 10 cm )<\/p>\n<p>lav\u00e1vel \u00e0 m\u00e1quina 40\u00ba<\/p>\n","protected":false},"excerpt":{"rendered":"<p>Cotton DK 021 taupe Composi\u00e7\u00e3o: 100% algod\u00e3o Peso: 50 gramas Comprimento: 106 metros\u00a0 | DK Agulhas: 4 mm Amostra: 22 malhas por 28 carreiras\u00a0 \u00a0(10 cm x 10 cm ) lav\u00e1vel \u00e0 m\u00e1quina 40\u00ba<\/p>\n","protected":false},"featured_media":10926,"template":"","meta":{"_et_pb_use_builder":"","_et_pb_old_content":"","_et_gb_content_width":""},"product_brand":[],"product_cat":[77,22,88,23,20,21,546,26,107],"product_tag":[],"class_list":{"0":"post-10927","1":"product","2":"type-product","3":"status-publish","4":"has-post-thumbnail","6":"product_cat-algodao","7":"product_cat-composicao","8":"product_cat-dk","9":"product_cat-espessura","10":"product_cat-fios","11":"product_cat-marcas","12":"product_cat-mode-cotton-dk","13":"product_cat-primavera-verao","14":"product_cat-rowan-marcas","16":"first","17":"instock","18":"shipping-taxable","19":"purchasable","20":"product-type-simple"},"_links":{"self":[{"href":"https:\/\/www.lojameraki.pt\/novo\/wp-json\/wp\/v2\/product\/10927","targetHints":{"allow":["GET"]}}],"collection":[{"href":"https:\/\/www.lojameraki.pt\/novo\/wp-json\/wp\/v2\/product"}],"about":[{"href":"https:\/\/www.lojameraki.pt\/novo\/wp-json\/wp\/v2\/types\/product"}],"wp:featuredmedia":[{"embeddable":true,"href":"https:\/\/www.lojameraki.pt\/novo\/wp-json\/wp\/v2\/media\/10926"}],"wp:attachment":[{"href":"https:\/\/www.lojameraki.pt\/novo\/wp-json\/wp\/v2\/media?parent=10927"}],"wp:term":[{"taxonomy":"product_brand","embeddable":true,"href":"https:\/\/www.lojameraki.pt\/novo\/wp-json\/wp\/v2\/product_brand?post=10927"},{"taxonomy":"product_cat","embeddable":true,"href":"https:\/\/www.lojameraki.pt\/novo\/wp-json\/wp\/v2\/product_cat?post=10927"},{"taxonomy":"product_tag","embeddable":true,"href":"https:\/\/www.lojameraki.pt\/novo\/wp-json\/wp\/v2\/product_tag?post=10927"}],"curies":[{"name":"wp","href":"https:\/\/api.w.org\/{rel}","templated":true}]}}