{"id":11017,"date":"2026-04-23T11:45:03","date_gmt":"2026-04-23T11:45:03","guid":{"rendered":"https:\/\/www.lojameraki.pt\/novo\/?post_type=product&#038;p=11017"},"modified":"2026-04-23T11:45:34","modified_gmt":"2026-04-23T11:45:34","slug":"lolita-8990-preto","status":"publish","type":"product","link":"https:\/\/www.lojameraki.pt\/novo\/product\/lolita-8990-preto\/","title":{"rendered":"Lolita 8990 preto"},"content":{"rendered":"<p>Lolita 8990 preto<\/p>\n<p>Composi\u00e7\u00e3o:\u00a0 49% poli\u00e9ster 26% algod\u00e3o; 25% acr\u00edlico<\/p>\n<p>Peso: 100 gramas<\/p>\n<p>Comprimento: 250 metros<\/p>\n<p>Agulhas: 2,5 &#8211; 4 mm<\/p>\n<p>Lavar\u00a0 \u00e0 m\u00e3o<\/p>\n","protected":false},"excerpt":{"rendered":"<p>&nbsp;<\/p>\n<p>&nbsp;<\/p>\n","protected":false},"featured_media":11014,"template":"","meta":{"_et_pb_use_builder":"","_et_pb_old_content":"","_et_gb_content_width":""},"product_brand":[],"product_cat":[82,77,443,22,88,23,20,567,21,85],"product_tag":[],"class_list":{"0":"post-11017","1":"product","2":"type-product","3":"status-publish","4":"has-post-thumbnail","6":"product_cat-acrilico","7":"product_cat-algodao","8":"product_cat-circulo","9":"product_cat-composicao","10":"product_cat-dk","11":"product_cat-espessura","12":"product_cat-fios","13":"product_cat-lolita","14":"product_cat-marcas","15":"product_cat-poliester","17":"first","18":"instock","19":"shipping-taxable","20":"purchasable","21":"product-type-simple"},"_links":{"self":[{"href":"https:\/\/www.lojameraki.pt\/novo\/wp-json\/wp\/v2\/product\/11017","targetHints":{"allow":["GET"]}}],"collection":[{"href":"https:\/\/www.lojameraki.pt\/novo\/wp-json\/wp\/v2\/product"}],"about":[{"href":"https:\/\/www.lojameraki.pt\/novo\/wp-json\/wp\/v2\/types\/product"}],"wp:featuredmedia":[{"embeddable":true,"href":"https:\/\/www.lojameraki.pt\/novo\/wp-json\/wp\/v2\/media\/11014"}],"wp:attachment":[{"href":"https:\/\/www.lojameraki.pt\/novo\/wp-json\/wp\/v2\/media?parent=11017"}],"wp:term":[{"taxonomy":"product_brand","embeddable":true,"href":"https:\/\/www.lojameraki.pt\/novo\/wp-json\/wp\/v2\/product_brand?post=11017"},{"taxonomy":"product_cat","embeddable":true,"href":"https:\/\/www.lojameraki.pt\/novo\/wp-json\/wp\/v2\/product_cat?post=11017"},{"taxonomy":"product_tag","embeddable":true,"href":"https:\/\/www.lojameraki.pt\/novo\/wp-json\/wp\/v2\/product_tag?post=11017"}],"curies":[{"name":"wp","href":"https:\/\/api.w.org\/{rel}","templated":true}]}}