{"id":11031,"date":"2026-04-24T10:52:20","date_gmt":"2026-04-24T10:52:20","guid":{"rendered":"https:\/\/www.lojameraki.pt\/novo\/?post_type=product&#038;p=11031"},"modified":"2026-04-24T10:52:45","modified_gmt":"2026-04-24T10:52:45","slug":"cotonella-multi-110","status":"publish","type":"product","link":"https:\/\/www.lojameraki.pt\/novo\/product\/cotonella-multi-110\/","title":{"rendered":"Cotonella Multi  110"},"content":{"rendered":"<p>Cotonella Multi 110<\/p>\n<p>Composi\u00e7\u00e3o: 75% algod\u00e3o; 25% poliacrilico<\/p>\n<p>Peso: 100 gramas<\/p>\n<p>Comprimento: 270 metros | Aran<\/p>\n<p>Agulhas: 4,5 &#8211; 5 mm<\/p>\n<p>Amostra: 20 malhas por 26 carreiras (10 cm x 10 cm)<\/p>\n<p>lav\u00e1vel \u00e0 m\u00e1quina 30\u00ba<\/p>\n","protected":false},"excerpt":{"rendered":"<p>Cotonella Multi 110 Composi\u00e7\u00e3o: 75% algod\u00e3o; 25% poliacrilico Peso: 100 gramas Comprimento: 270 metros | Aran Agulhas: 4,5 &#8211; 5 mm Amostra: 20 malhas por 26 carreiras (10 cm x 10 cm) lav\u00e1vel \u00e0 m\u00e1quina 30\u00ba<\/p>\n","protected":false},"featured_media":11027,"template":"","meta":{"_et_pb_use_builder":"","_et_pb_old_content":"","_et_gb_content_width":""},"product_brand":[],"product_cat":[77,112,22,477,23,20,271,21,26],"product_tag":[],"class_list":{"0":"post-11031","1":"product","2":"type-product","3":"status-publish","4":"has-post-thumbnail","6":"product_cat-algodao","7":"product_cat-aran","8":"product_cat-composicao","9":"product_cat-cotonella","10":"product_cat-espessura","11":"product_cat-fios","12":"product_cat-lana-grossa","13":"product_cat-marcas","14":"product_cat-primavera-verao","16":"first","17":"instock","18":"shipping-taxable","19":"purchasable","20":"product-type-simple"},"_links":{"self":[{"href":"https:\/\/www.lojameraki.pt\/novo\/wp-json\/wp\/v2\/product\/11031","targetHints":{"allow":["GET"]}}],"collection":[{"href":"https:\/\/www.lojameraki.pt\/novo\/wp-json\/wp\/v2\/product"}],"about":[{"href":"https:\/\/www.lojameraki.pt\/novo\/wp-json\/wp\/v2\/types\/product"}],"wp:featuredmedia":[{"embeddable":true,"href":"https:\/\/www.lojameraki.pt\/novo\/wp-json\/wp\/v2\/media\/11027"}],"wp:attachment":[{"href":"https:\/\/www.lojameraki.pt\/novo\/wp-json\/wp\/v2\/media?parent=11031"}],"wp:term":[{"taxonomy":"product_brand","embeddable":true,"href":"https:\/\/www.lojameraki.pt\/novo\/wp-json\/wp\/v2\/product_brand?post=11031"},{"taxonomy":"product_cat","embeddable":true,"href":"https:\/\/www.lojameraki.pt\/novo\/wp-json\/wp\/v2\/product_cat?post=11031"},{"taxonomy":"product_tag","embeddable":true,"href":"https:\/\/www.lojameraki.pt\/novo\/wp-json\/wp\/v2\/product_tag?post=11031"}],"curies":[{"name":"wp","href":"https:\/\/api.w.org\/{rel}","templated":true}]}}