{"id":11038,"date":"2026-04-24T11:01:09","date_gmt":"2026-04-24T11:01:09","guid":{"rendered":"https:\/\/www.lojameraki.pt\/novo\/?post_type=product&#038;p=11038"},"modified":"2026-04-24T11:01:34","modified_gmt":"2026-04-24T11:01:34","slug":"filo-lurex-06","status":"publish","type":"product","link":"https:\/\/www.lojameraki.pt\/novo\/product\/filo-lurex-06\/","title":{"rendered":"Filo Lurex 06"},"content":{"rendered":"<p>Filo Lurex 06<\/p>\n<p>Composi\u00e7\u00e3o: 94% algod\u00e3o; 6% poliester<\/p>\n<p>Peso: 50 gramas<\/p>\n<p>Comprimento: 145 metros | DK<\/p>\n<p>Agulhas: 3,5 &#8211; 4 mm<\/p>\n<p>Amostra: 24 malhas por 29 carreiras (10 cm x 10 cm)<\/p>\n<p>lav\u00e1vel \u00e0 m\u00e3o<\/p>\n","protected":false},"excerpt":{"rendered":"<p>Filo Lurex 06 Composi\u00e7\u00e3o: 94% algod\u00e3o; 6% poliester Peso: 50 gramas Comprimento: 145 metros | DK Agulhas: 3,5 &#8211; 4 mm Amostra: 24 malhas por 29 carreiras (10 cm x 10 cm) lav\u00e1vel \u00e0 m\u00e3o<\/p>\n","protected":false},"featured_media":11034,"template":"","meta":{"_et_pb_use_builder":"","_et_pb_old_content":"","_et_gb_content_width":""},"product_brand":[],"product_cat":[77,22,88,23,568,20,271,21,85],"product_tag":[],"class_list":{"0":"post-11038","1":"product","2":"type-product","3":"status-publish","4":"has-post-thumbnail","6":"product_cat-algodao","7":"product_cat-composicao","8":"product_cat-dk","9":"product_cat-espessura","10":"product_cat-filo-lurex","11":"product_cat-fios","12":"product_cat-lana-grossa","13":"product_cat-marcas","14":"product_cat-poliester","16":"first","17":"instock","18":"shipping-taxable","19":"purchasable","20":"product-type-simple"},"_links":{"self":[{"href":"https:\/\/www.lojameraki.pt\/novo\/wp-json\/wp\/v2\/product\/11038","targetHints":{"allow":["GET"]}}],"collection":[{"href":"https:\/\/www.lojameraki.pt\/novo\/wp-json\/wp\/v2\/product"}],"about":[{"href":"https:\/\/www.lojameraki.pt\/novo\/wp-json\/wp\/v2\/types\/product"}],"wp:featuredmedia":[{"embeddable":true,"href":"https:\/\/www.lojameraki.pt\/novo\/wp-json\/wp\/v2\/media\/11034"}],"wp:attachment":[{"href":"https:\/\/www.lojameraki.pt\/novo\/wp-json\/wp\/v2\/media?parent=11038"}],"wp:term":[{"taxonomy":"product_brand","embeddable":true,"href":"https:\/\/www.lojameraki.pt\/novo\/wp-json\/wp\/v2\/product_brand?post=11038"},{"taxonomy":"product_cat","embeddable":true,"href":"https:\/\/www.lojameraki.pt\/novo\/wp-json\/wp\/v2\/product_cat?post=11038"},{"taxonomy":"product_tag","embeddable":true,"href":"https:\/\/www.lojameraki.pt\/novo\/wp-json\/wp\/v2\/product_tag?post=11038"}],"curies":[{"name":"wp","href":"https:\/\/api.w.org\/{rel}","templated":true}]}}