{"id":11041,"date":"2026-04-24T11:20:22","date_gmt":"2026-04-24T11:20:22","guid":{"rendered":"https:\/\/www.lojameraki.pt\/novo\/?post_type=product&#038;p=11041"},"modified":"2026-04-24T11:28:49","modified_gmt":"2026-04-24T11:28:49","slug":"boho-lino-201","status":"publish","type":"product","link":"https:\/\/www.lojameraki.pt\/novo\/product\/boho-lino-201\/","title":{"rendered":"Boho Lino 201"},"content":{"rendered":"<p>Boho Lino 201<\/p>\n<p>Composi\u00e7\u00e3o: 100% linho<\/p>\n<p>Peso: 50 gramas<\/p>\n<p>Comprimento: 100 metros |<\/p>\n<p>Agulhas: 3,5 &#8211; 4 mm<\/p>\n<p>Amostra: 16 malhas por 35 carreiras (10 cm x 10 cm)<\/p>\n<p>lav\u00e1vel \u00e0 m\u00e1quina 30\u00ba<\/p>\n","protected":false},"excerpt":{"rendered":"<p>Boho Lino 201 Composi\u00e7\u00e3o: 100% linho Peso: 50 gramas Comprimento: 100 metros | Agulhas: 3,5 &#8211; 4 mm Amostra: 16 malhas por 35 carreiras (10 cm x 10 cm) lav\u00e1vel \u00e0 m\u00e1quina 30\u00ba<\/p>\n","protected":false},"featured_media":11042,"template":"","meta":{"_et_pb_use_builder":"","_et_pb_old_content":"","_et_gb_content_width":""},"product_brand":[],"product_cat":[569,22,88,23,20,93,79,21,26],"product_tag":[],"class_list":{"0":"post-11041","1":"product","2":"type-product","3":"status-publish","4":"has-post-thumbnail","6":"product_cat-boho-lino","7":"product_cat-composicao","8":"product_cat-dk","9":"product_cat-espessura","10":"product_cat-fios","11":"product_cat-katia-marcas","12":"product_cat-linho","13":"product_cat-marcas","14":"product_cat-primavera-verao","16":"first","17":"instock","18":"shipping-taxable","19":"purchasable","20":"product-type-simple"},"_links":{"self":[{"href":"https:\/\/www.lojameraki.pt\/novo\/wp-json\/wp\/v2\/product\/11041","targetHints":{"allow":["GET"]}}],"collection":[{"href":"https:\/\/www.lojameraki.pt\/novo\/wp-json\/wp\/v2\/product"}],"about":[{"href":"https:\/\/www.lojameraki.pt\/novo\/wp-json\/wp\/v2\/types\/product"}],"wp:featuredmedia":[{"embeddable":true,"href":"https:\/\/www.lojameraki.pt\/novo\/wp-json\/wp\/v2\/media\/11042"}],"wp:attachment":[{"href":"https:\/\/www.lojameraki.pt\/novo\/wp-json\/wp\/v2\/media?parent=11041"}],"wp:term":[{"taxonomy":"product_brand","embeddable":true,"href":"https:\/\/www.lojameraki.pt\/novo\/wp-json\/wp\/v2\/product_brand?post=11041"},{"taxonomy":"product_cat","embeddable":true,"href":"https:\/\/www.lojameraki.pt\/novo\/wp-json\/wp\/v2\/product_cat?post=11041"},{"taxonomy":"product_tag","embeddable":true,"href":"https:\/\/www.lojameraki.pt\/novo\/wp-json\/wp\/v2\/product_tag?post=11041"}],"curies":[{"name":"wp","href":"https:\/\/api.w.org\/{rel}","templated":true}]}}