{"id":1302,"date":"2018-05-30T15:05:24","date_gmt":"2018-05-30T15:05:24","guid":{"rendered":"http:\/\/www.lojameraki.pt\/novo\/?post_type=product&#038;p=1302"},"modified":"2024-10-24T10:26:25","modified_gmt":"2024-10-24T10:26:25","slug":"felted-tweed-rage","status":"publish","type":"product","link":"https:\/\/www.lojameraki.pt\/novo\/product\/felted-tweed-rage\/","title":{"rendered":"Felted Tweed  camel"},"content":{"rendered":"<p>Felted Tweed\u00a0 camel<\/p>\n<p>Composi\u00e7\u00e3o: 50% l\u00e3; 25% alpaca; 25% viscose<\/p>\n<p>Peso: 50 gramas<\/p>\n<p>Comprimento: 175 metros | DK<\/p>\n<p>Agulhas: 3,5 &#8211; 4mm<\/p>\n<p>Amostra:\u00a0 22-24 malhas por 30-32 carreiras\u00a0 \u00a0(10 x 10 cm)<\/p>\n<p>&nbsp;<\/p>\n","protected":false},"excerpt":{"rendered":"<p>Felted Tweed\u00a0 camel Composi\u00e7\u00e3o: 50% l\u00e3; 25% alpaca; 25% viscose Peso: 50 gramas Comprimento: 175 metros | DK Agulhas: 3,5 &#8211; 4mm Amostra:\u00a0 22-24 malhas por 30-32 carreiras\u00a0 \u00a0(10 x 10 cm) &nbsp;<\/p>\n","protected":false},"featured_media":9787,"template":"","meta":{"_et_pb_use_builder":"","_et_pb_old_content":"","_et_gb_content_width":""},"product_brand":[],"product_cat":[22,88,23,212,20,70,72,21,107,80],"product_tag":[],"class_list":{"0":"post-1302","1":"product","2":"type-product","3":"status-publish","4":"has-post-thumbnail","6":"product_cat-composicao","7":"product_cat-dk","8":"product_cat-espessura","9":"product_cat-felted-tweed","10":"product_cat-fios","11":"product_cat-la","12":"product_cat-la-alpaca","13":"product_cat-marcas","14":"product_cat-rowan-marcas","15":"product_cat-viscose","17":"first","18":"instock","19":"shipping-taxable","20":"purchasable","21":"product-type-simple"},"_links":{"self":[{"href":"https:\/\/www.lojameraki.pt\/novo\/wp-json\/wp\/v2\/product\/1302","targetHints":{"allow":["GET"]}}],"collection":[{"href":"https:\/\/www.lojameraki.pt\/novo\/wp-json\/wp\/v2\/product"}],"about":[{"href":"https:\/\/www.lojameraki.pt\/novo\/wp-json\/wp\/v2\/types\/product"}],"wp:featuredmedia":[{"embeddable":true,"href":"https:\/\/www.lojameraki.pt\/novo\/wp-json\/wp\/v2\/media\/9787"}],"wp:attachment":[{"href":"https:\/\/www.lojameraki.pt\/novo\/wp-json\/wp\/v2\/media?parent=1302"}],"wp:term":[{"taxonomy":"product_brand","embeddable":true,"href":"https:\/\/www.lojameraki.pt\/novo\/wp-json\/wp\/v2\/product_brand?post=1302"},{"taxonomy":"product_cat","embeddable":true,"href":"https:\/\/www.lojameraki.pt\/novo\/wp-json\/wp\/v2\/product_cat?post=1302"},{"taxonomy":"product_tag","embeddable":true,"href":"https:\/\/www.lojameraki.pt\/novo\/wp-json\/wp\/v2\/product_tag?post=1302"}],"curies":[{"name":"wp","href":"https:\/\/api.w.org\/{rel}","templated":true}]}}