{"id":1556,"date":"2018-07-17T11:48:51","date_gmt":"2018-07-17T11:48:51","guid":{"rendered":"http:\/\/www.lojameraki.pt\/?post_type=product&#038;p=1556"},"modified":"2023-09-08T11:50:59","modified_gmt":"2023-09-08T11:50:59","slug":"merino90-403","status":"publish","type":"product","link":"https:\/\/www.lojameraki.pt\/novo\/product\/merino90-403\/","title":{"rendered":"Merino90  403"},"content":{"rendered":"<p>Merino90\u00a0 403 &#8211; cinza escuro<\/p>\n<p>Composi\u00e7\u00e3o: 100% L\u00e3 merino superwash<\/p>\n<p>Peso: 50 gramas<\/p>\n<p>Comprimento: 90 metros |\u00a0 Aran<\/p>\n<p>Agulhas: 5 mm<\/p>\n<p>Amostra: 18 malhas\u00a0 (10 cm)<\/p>\n<p>lav\u00e1vel \u00e0 m\u00e1quina<\/p>\n","protected":false},"excerpt":{"rendered":"<p>Merino90\u00a0 403 &#8211; cinza escuro Composi\u00e7\u00e3o: 100% L\u00e3 merino superwash Peso: 50 gramas Comprimento: 90 metros |\u00a0 Aran Agulhas: 5 mm Amostra: 18 malhas\u00a0 (10 cm) lav\u00e1vel \u00e0 m\u00e1quina<\/p>\n","protected":false},"featured_media":1554,"template":"","meta":{"_et_pb_use_builder":"","_et_pb_old_content":"","_et_gb_content_width":""},"product_brand":[],"product_cat":[112,22,23,20,96,71,21,146],"product_tag":[],"class_list":{"0":"post-1556","1":"product","2":"type-product","3":"status-publish","4":"has-post-thumbnail","6":"product_cat-aran","7":"product_cat-composicao","8":"product_cat-espessura","9":"product_cat-fios","10":"product_cat-hjerte-garn-marcas","11":"product_cat-la-merino","12":"product_cat-marcas","13":"product_cat-merino-90","15":"first","16":"instock","17":"shipping-taxable","18":"purchasable","19":"product-type-simple"},"_links":{"self":[{"href":"https:\/\/www.lojameraki.pt\/novo\/wp-json\/wp\/v2\/product\/1556","targetHints":{"allow":["GET"]}}],"collection":[{"href":"https:\/\/www.lojameraki.pt\/novo\/wp-json\/wp\/v2\/product"}],"about":[{"href":"https:\/\/www.lojameraki.pt\/novo\/wp-json\/wp\/v2\/types\/product"}],"wp:featuredmedia":[{"embeddable":true,"href":"https:\/\/www.lojameraki.pt\/novo\/wp-json\/wp\/v2\/media\/1554"}],"wp:attachment":[{"href":"https:\/\/www.lojameraki.pt\/novo\/wp-json\/wp\/v2\/media?parent=1556"}],"wp:term":[{"taxonomy":"product_brand","embeddable":true,"href":"https:\/\/www.lojameraki.pt\/novo\/wp-json\/wp\/v2\/product_brand?post=1556"},{"taxonomy":"product_cat","embeddable":true,"href":"https:\/\/www.lojameraki.pt\/novo\/wp-json\/wp\/v2\/product_cat?post=1556"},{"taxonomy":"product_tag","embeddable":true,"href":"https:\/\/www.lojameraki.pt\/novo\/wp-json\/wp\/v2\/product_tag?post=1556"}],"curies":[{"name":"wp","href":"https:\/\/api.w.org\/{rel}","templated":true}]}}