{"id":1693,"date":"2018-09-26T09:51:04","date_gmt":"2018-09-26T09:51:04","guid":{"rendered":"http:\/\/www.lojameraki.pt\/?post_type=product&#038;p=1693"},"modified":"2023-09-08T11:59:37","modified_gmt":"2023-09-08T11:59:37","slug":"vital-1009-roxo","status":"publish","type":"product","link":"https:\/\/www.lojameraki.pt\/novo\/product\/vital-1009-roxo\/","title":{"rendered":"Vital 1009 roxo"},"content":{"rendered":"<p>Vital 1009\u00a0 roxo<\/p>\n<p>Composi\u00e7\u00e3o: 100% L\u00e3<\/p>\n<p>Peso: 50 gramas<\/p>\n<p>Comprimento: 115 metros |\u00a0 DK<\/p>\n<p>Agulhas: 3,5 &#8211; 4 mm<\/p>\n<p>Amostra: 22 malhas\u00a0 por 27 carreiras (10 cm x 10 cm)<\/p>\n<p>lav\u00e1vel \u00e0 m\u00e1quina<\/p>\n","protected":false},"excerpt":{"rendered":"<p>Vital 1009\u00a0 roxo Composi\u00e7\u00e3o: 100% L\u00e3 Peso: 50 gramas Comprimento: 115 metros |\u00a0 DK Agulhas: 3,5 &#8211; 4 mm Amostra: 22 malhas\u00a0 por 27 carreiras (10 cm x 10 cm) lav\u00e1vel \u00e0 m\u00e1quina<\/p>\n","protected":false},"featured_media":1680,"template":"","meta":{"_et_pb_use_builder":"","_et_pb_old_content":"","_et_gb_content_width":""},"product_brand":[],"product_cat":[22,88,23,20,96,70,21,148],"product_tag":[],"class_list":{"0":"post-1693","1":"product","2":"type-product","3":"status-publish","4":"has-post-thumbnail","6":"product_cat-composicao","7":"product_cat-dk","8":"product_cat-espessura","9":"product_cat-fios","10":"product_cat-hjerte-garn-marcas","11":"product_cat-la","12":"product_cat-marcas","13":"product_cat-vital","15":"first","16":"instock","17":"shipping-taxable","18":"purchasable","19":"product-type-simple"},"_links":{"self":[{"href":"https:\/\/www.lojameraki.pt\/novo\/wp-json\/wp\/v2\/product\/1693","targetHints":{"allow":["GET"]}}],"collection":[{"href":"https:\/\/www.lojameraki.pt\/novo\/wp-json\/wp\/v2\/product"}],"about":[{"href":"https:\/\/www.lojameraki.pt\/novo\/wp-json\/wp\/v2\/types\/product"}],"wp:featuredmedia":[{"embeddable":true,"href":"https:\/\/www.lojameraki.pt\/novo\/wp-json\/wp\/v2\/media\/1680"}],"wp:attachment":[{"href":"https:\/\/www.lojameraki.pt\/novo\/wp-json\/wp\/v2\/media?parent=1693"}],"wp:term":[{"taxonomy":"product_brand","embeddable":true,"href":"https:\/\/www.lojameraki.pt\/novo\/wp-json\/wp\/v2\/product_brand?post=1693"},{"taxonomy":"product_cat","embeddable":true,"href":"https:\/\/www.lojameraki.pt\/novo\/wp-json\/wp\/v2\/product_cat?post=1693"},{"taxonomy":"product_tag","embeddable":true,"href":"https:\/\/www.lojameraki.pt\/novo\/wp-json\/wp\/v2\/product_tag?post=1693"}],"curies":[{"name":"wp","href":"https:\/\/api.w.org\/{rel}","templated":true}]}}