{"id":1703,"date":"2018-09-26T10:51:33","date_gmt":"2018-09-26T10:51:33","guid":{"rendered":"http:\/\/www.lojameraki.pt\/?post_type=product&#038;p=1703"},"modified":"2026-03-27T12:16:17","modified_gmt":"2026-03-27T12:16:17","slug":"merino-150-6995-rosa","status":"publish","type":"product","link":"https:\/\/www.lojameraki.pt\/novo\/product\/merino-150-6995-rosa\/","title":{"rendered":"Merino 150 6995 rosa"},"content":{"rendered":"<p>Merino 150 6995 rosa<\/p>\n<p>Composi\u00e7\u00e3o:\u00a0 100%\u00a0 L\u00e3 Merino<\/p>\n<p>Peso: 50 gramas<\/p>\n<p>Comprimento: 150 metros\u00a0 | Fingering<\/p>\n<p>Agulhas: 2,5- 3 mm<\/p>\n<p>Amostra: 24 malhas\u00a0 (10 cm)<\/p>\n<p>Tratamento superwash &#8211; Lav\u00e1vel \u00e0 m\u00e1quina 30%<\/p>\n","protected":false},"excerpt":{"rendered":"<p>Merino 150 6995 rosa Composi\u00e7\u00e3o:\u00a0 100%\u00a0 L\u00e3 Merino Peso: 50 gramas Comprimento: 150 metros\u00a0 | Fingering Agulhas: 2,5- 3 mm Amostra: 24 malhas\u00a0 (10 cm) Tratamento superwash &#8211; Lav\u00e1vel \u00e0 m\u00e1quina 30%<\/p>\n","protected":false},"featured_media":1675,"template":"","meta":{"_et_pb_use_builder":"","_et_pb_old_content":"","_et_gb_content_width":""},"product_brand":[],"product_cat":[22,23,87,20,96,71,21,172],"product_tag":[171],"class_list":{"0":"post-1703","1":"product","2":"type-product","3":"status-publish","4":"has-post-thumbnail","6":"product_cat-composicao","7":"product_cat-espessura","8":"product_cat-fingering","9":"product_cat-fios","10":"product_cat-hjerte-garn-marcas","11":"product_cat-la-merino","12":"product_cat-marcas","13":"product_cat-merino-150","14":"product_tag-bebe","16":"first","17":"instock","18":"shipping-taxable","19":"purchasable","20":"product-type-simple"},"_links":{"self":[{"href":"https:\/\/www.lojameraki.pt\/novo\/wp-json\/wp\/v2\/product\/1703","targetHints":{"allow":["GET"]}}],"collection":[{"href":"https:\/\/www.lojameraki.pt\/novo\/wp-json\/wp\/v2\/product"}],"about":[{"href":"https:\/\/www.lojameraki.pt\/novo\/wp-json\/wp\/v2\/types\/product"}],"wp:featuredmedia":[{"embeddable":true,"href":"https:\/\/www.lojameraki.pt\/novo\/wp-json\/wp\/v2\/media\/1675"}],"wp:attachment":[{"href":"https:\/\/www.lojameraki.pt\/novo\/wp-json\/wp\/v2\/media?parent=1703"}],"wp:term":[{"taxonomy":"product_brand","embeddable":true,"href":"https:\/\/www.lojameraki.pt\/novo\/wp-json\/wp\/v2\/product_brand?post=1703"},{"taxonomy":"product_cat","embeddable":true,"href":"https:\/\/www.lojameraki.pt\/novo\/wp-json\/wp\/v2\/product_cat?post=1703"},{"taxonomy":"product_tag","embeddable":true,"href":"https:\/\/www.lojameraki.pt\/novo\/wp-json\/wp\/v2\/product_tag?post=1703"}],"curies":[{"name":"wp","href":"https:\/\/api.w.org\/{rel}","templated":true}]}}