{"id":1763,"date":"2018-11-19T11:02:08","date_gmt":"2018-11-19T11:02:08","guid":{"rendered":"http:\/\/www.lojameraki.pt\/?post_type=product&#038;p=1763"},"modified":"2023-12-09T12:46:44","modified_gmt":"2023-12-09T12:46:44","slug":"deco-tweed-cinza","status":"publish","type":"product","link":"https:\/\/www.lojameraki.pt\/novo\/product\/deco-tweed-cinza\/","title":{"rendered":"Deco Tweed  cinza"},"content":{"rendered":"<p>Deco Tweed cinza &#8211; 2403<\/p>\n<p>Composi\u00e7\u00e3o: 20% l\u00e3; 77% acr\u00edlico; 3% viscose<\/p>\n<p>Peso: 50 gramas<\/p>\n<p>Comprimento: 112 metros | DK<\/p>\n<p>Agulhas: 3,5 &#8211; 4 mm<\/p>\n<p>Amostra: 21 malhas por\u00a0 29 carreiras (10 cm x 10 cm)<\/p>\n<p>lav\u00e1vel na m\u00e1quina\u00a0 30\u00ba<\/p>\n","protected":false},"excerpt":{"rendered":"<p>Deco Tweed cinza &#8211; 2403 Composi\u00e7\u00e3o: 20% l\u00e3; 77% acr\u00edlico; 3% viscose Peso: 50 gramas Comprimento: 112 metros | DK Agulhas: 3,5 &#8211; 4 mm Amostra: 21 malhas por\u00a0 29 carreiras (10 cm x 10 cm) lav\u00e1vel na m\u00e1quina\u00a0 30\u00ba<\/p>\n","protected":false},"featured_media":1766,"template":"","meta":{"_et_pb_use_builder":"","_et_pb_old_content":"","_et_gb_content_width":""},"product_brand":[],"product_cat":[22,233,88,23,20,96,70,21,76,80],"product_tag":[],"class_list":{"0":"post-1763","1":"product","2":"type-product","3":"status-publish","4":"has-post-thumbnail","6":"product_cat-composicao","7":"product_cat-deco-tweed","8":"product_cat-dk","9":"product_cat-espessura","10":"product_cat-fios","11":"product_cat-hjerte-garn-marcas","12":"product_cat-la","13":"product_cat-marcas","14":"product_cat-poliamida-nylon","15":"product_cat-viscose","17":"first","18":"instock","19":"shipping-taxable","20":"purchasable","21":"product-type-simple"},"_links":{"self":[{"href":"https:\/\/www.lojameraki.pt\/novo\/wp-json\/wp\/v2\/product\/1763","targetHints":{"allow":["GET"]}}],"collection":[{"href":"https:\/\/www.lojameraki.pt\/novo\/wp-json\/wp\/v2\/product"}],"about":[{"href":"https:\/\/www.lojameraki.pt\/novo\/wp-json\/wp\/v2\/types\/product"}],"wp:featuredmedia":[{"embeddable":true,"href":"https:\/\/www.lojameraki.pt\/novo\/wp-json\/wp\/v2\/media\/1766"}],"wp:attachment":[{"href":"https:\/\/www.lojameraki.pt\/novo\/wp-json\/wp\/v2\/media?parent=1763"}],"wp:term":[{"taxonomy":"product_brand","embeddable":true,"href":"https:\/\/www.lojameraki.pt\/novo\/wp-json\/wp\/v2\/product_brand?post=1763"},{"taxonomy":"product_cat","embeddable":true,"href":"https:\/\/www.lojameraki.pt\/novo\/wp-json\/wp\/v2\/product_cat?post=1763"},{"taxonomy":"product_tag","embeddable":true,"href":"https:\/\/www.lojameraki.pt\/novo\/wp-json\/wp\/v2\/product_tag?post=1763"}],"curies":[{"name":"wp","href":"https:\/\/api.w.org\/{rel}","templated":true}]}}