{"id":1881,"date":"2018-12-17T10:36:32","date_gmt":"2018-12-17T10:36:32","guid":{"rendered":"http:\/\/www.lojameraki.pt\/?post_type=product&#038;p=1881"},"modified":"2024-11-18T12:16:56","modified_gmt":"2024-11-18T12:16:56","slug":"polar-rosa","status":"publish","type":"product","link":"https:\/\/www.lojameraki.pt\/novo\/product\/polar-rosa\/","title":{"rendered":"Polar rosa"},"content":{"rendered":"<p>Polar rosa<\/p>\n<p>Composi\u00e7\u00e3o: 100% Poli\u00e9ster<\/p>\n<p>Peso: 100 gramas<\/p>\n<p>Comprimento: 60 metros |\u00a0 Bulky<\/p>\n<p>Agulhas: 7 &#8211; 8 mm<\/p>\n<p>Amostra: 7 malhas\u00a0 (10 cm)<\/p>\n<p>lav\u00e1vel \u00e0 m\u00e1quina<\/p>\n","protected":false},"excerpt":{"rendered":"<p>Polar rosa Composi\u00e7\u00e3o: 100% Poli\u00e9ster Peso: 100 gramas Comprimento: 60 metros |\u00a0 Bulky Agulhas: 7 &#8211; 8 mm Amostra: 7 malhas\u00a0 (10 cm) lav\u00e1vel \u00e0 m\u00e1quina<\/p>\n","protected":false},"featured_media":1880,"template":"","meta":{"_et_pb_use_builder":"","_et_pb_old_content":"","_et_gb_content_width":""},"product_brand":[],"product_cat":[90,22,23,20,93,21,237,85],"product_tag":[],"class_list":{"0":"post-1881","1":"product","2":"type-product","3":"status-publish","4":"has-post-thumbnail","6":"product_cat-bulky","7":"product_cat-composicao","8":"product_cat-espessura","9":"product_cat-fios","10":"product_cat-katia-marcas","11":"product_cat-marcas","12":"product_cat-polar","13":"product_cat-poliester","15":"first","16":"instock","17":"shipping-taxable","18":"purchasable","19":"product-type-simple"},"_links":{"self":[{"href":"https:\/\/www.lojameraki.pt\/novo\/wp-json\/wp\/v2\/product\/1881","targetHints":{"allow":["GET"]}}],"collection":[{"href":"https:\/\/www.lojameraki.pt\/novo\/wp-json\/wp\/v2\/product"}],"about":[{"href":"https:\/\/www.lojameraki.pt\/novo\/wp-json\/wp\/v2\/types\/product"}],"wp:featuredmedia":[{"embeddable":true,"href":"https:\/\/www.lojameraki.pt\/novo\/wp-json\/wp\/v2\/media\/1880"}],"wp:attachment":[{"href":"https:\/\/www.lojameraki.pt\/novo\/wp-json\/wp\/v2\/media?parent=1881"}],"wp:term":[{"taxonomy":"product_brand","embeddable":true,"href":"https:\/\/www.lojameraki.pt\/novo\/wp-json\/wp\/v2\/product_brand?post=1881"},{"taxonomy":"product_cat","embeddable":true,"href":"https:\/\/www.lojameraki.pt\/novo\/wp-json\/wp\/v2\/product_cat?post=1881"},{"taxonomy":"product_tag","embeddable":true,"href":"https:\/\/www.lojameraki.pt\/novo\/wp-json\/wp\/v2\/product_tag?post=1881"}],"curies":[{"name":"wp","href":"https:\/\/api.w.org\/{rel}","templated":true}]}}