{"id":1997,"date":"2019-03-28T12:27:15","date_gmt":"2019-03-28T12:27:15","guid":{"rendered":"http:\/\/www.lojameraki.pt\/?post_type=product&#038;p=1997"},"modified":"2026-03-07T18:15:52","modified_gmt":"2026-03-07T18:15:52","slug":"agulhas-fixas-nova-metal-4-mm-80-cm","status":"publish","type":"product","link":"https:\/\/www.lojameraki.pt\/novo\/product\/agulhas-fixas-nova-metal-4-mm-80-cm\/","title":{"rendered":"Agulhas fixas Nova metal 4 mm 80 cm"},"content":{"rendered":"<p>Agulhas de tricot circulares fixas da Knit Pro<\/p>\n<p>Tamanho: 4 mm<\/p>\n<p>Comprimento: 80 cm<\/p>\n<p>Estas agulhas circulares em metal tem transi\u00e7\u00f5es perfeitas e cabos flex\u00edveis proporcionam um tricotar muito confort\u00e1vel. As malhas deslizam facilmente pela agulha.<\/p>\n","protected":false},"excerpt":{"rendered":"<p>Agulhas de tricot circulares fixas da Knit Pro Tamanho: 4 mm Comprimento: 80 cm Estas agulhas circulares em metal tem transi\u00e7\u00f5es perfeitas e cabos flex\u00edveis proporcionam um tricotar muito confort\u00e1vel. As malhas deslizam facilmente pela agulha.<\/p>\n","protected":false},"featured_media":946,"template":"","meta":{"_et_pb_use_builder":"","_et_pb_old_content":"","_et_gb_content_width":""},"product_brand":[],"product_cat":[28,130,206,207,203],"product_tag":[208],"class_list":{"0":"post-1997","1":"product","2":"type-product","3":"status-publish","4":"has-post-thumbnail","6":"product_cat-agulhas","7":"product_cat-knit-pro-tricot","8":"product_cat-marca","9":"product_cat-tipo","10":"product_cat-tricot-fixas","11":"product_tag-tricot","13":"first","14":"instock","15":"shipping-taxable","16":"purchasable","17":"product-type-simple"},"_links":{"self":[{"href":"https:\/\/www.lojameraki.pt\/novo\/wp-json\/wp\/v2\/product\/1997","targetHints":{"allow":["GET"]}}],"collection":[{"href":"https:\/\/www.lojameraki.pt\/novo\/wp-json\/wp\/v2\/product"}],"about":[{"href":"https:\/\/www.lojameraki.pt\/novo\/wp-json\/wp\/v2\/types\/product"}],"wp:featuredmedia":[{"embeddable":true,"href":"https:\/\/www.lojameraki.pt\/novo\/wp-json\/wp\/v2\/media\/946"}],"wp:attachment":[{"href":"https:\/\/www.lojameraki.pt\/novo\/wp-json\/wp\/v2\/media?parent=1997"}],"wp:term":[{"taxonomy":"product_brand","embeddable":true,"href":"https:\/\/www.lojameraki.pt\/novo\/wp-json\/wp\/v2\/product_brand?post=1997"},{"taxonomy":"product_cat","embeddable":true,"href":"https:\/\/www.lojameraki.pt\/novo\/wp-json\/wp\/v2\/product_cat?post=1997"},{"taxonomy":"product_tag","embeddable":true,"href":"https:\/\/www.lojameraki.pt\/novo\/wp-json\/wp\/v2\/product_tag?post=1997"}],"curies":[{"name":"wp","href":"https:\/\/api.w.org\/{rel}","templated":true}]}}