{"id":2024,"date":"2019-04-10T09:52:46","date_gmt":"2019-04-10T09:52:46","guid":{"rendered":"http:\/\/www.lojameraki.pt\/?post_type=product&#038;p=2024"},"modified":"2024-03-27T15:31:06","modified_gmt":"2024-03-27T15:31:06","slug":"zauberball-cotton-2338","status":"publish","type":"product","link":"https:\/\/www.lojameraki.pt\/novo\/product\/zauberball-cotton-2338\/","title":{"rendered":"Zauberball Cotton 2338"},"content":{"rendered":"<p>Zauberball Cotton 2338<\/p>\n<p>Composi\u00e7\u00e3o:\u00a0 100%\u00a0 Algod\u00e3o<\/p>\n<p>Peso: 100 gramas<\/p>\n<p>Comprimento: 420 metros\u00a0 | fingering<\/p>\n<p>Agulhas: 2 &#8211; 3 mm<\/p>\n<p>Amostra: 28 malhas por 44 carreiras\u00a0 \u00a0(10 cm x 10 cm )<\/p>\n<p>lav\u00e1vel \u00e0 m\u00e1quina<\/p>\n","protected":false},"excerpt":{"rendered":"<p>Zauberball Cotton 2338 Composi\u00e7\u00e3o:\u00a0 100%\u00a0 Algod\u00e3o Peso: 100 gramas Comprimento: 420 metros\u00a0 | fingering Agulhas: 2 &#8211; 3 mm Amostra: 28 malhas por 44 carreiras\u00a0 \u00a0(10 cm x 10 cm ) lav\u00e1vel \u00e0 m\u00e1quina<\/p>\n","protected":false},"featured_media":2015,"template":"","meta":{"_et_pb_use_builder":"","_et_pb_old_content":"","_et_gb_content_width":""},"product_brand":[],"product_cat":[77,22,23,87,20,21,26,92,154],"product_tag":[],"class_list":{"0":"post-2024","1":"product","2":"type-product","3":"status-publish","4":"has-post-thumbnail","6":"product_cat-algodao","7":"product_cat-composicao","8":"product_cat-espessura","9":"product_cat-fingering","10":"product_cat-fios","11":"product_cat-marcas","12":"product_cat-primavera-verao","13":"product_cat-schoppel-wolle-marcas","14":"product_cat-zauberball","16":"first","17":"outofstock","18":"featured","19":"shipping-taxable","20":"purchasable","21":"product-type-simple"},"_links":{"self":[{"href":"https:\/\/www.lojameraki.pt\/novo\/wp-json\/wp\/v2\/product\/2024","targetHints":{"allow":["GET"]}}],"collection":[{"href":"https:\/\/www.lojameraki.pt\/novo\/wp-json\/wp\/v2\/product"}],"about":[{"href":"https:\/\/www.lojameraki.pt\/novo\/wp-json\/wp\/v2\/types\/product"}],"wp:featuredmedia":[{"embeddable":true,"href":"https:\/\/www.lojameraki.pt\/novo\/wp-json\/wp\/v2\/media\/2015"}],"wp:attachment":[{"href":"https:\/\/www.lojameraki.pt\/novo\/wp-json\/wp\/v2\/media?parent=2024"}],"wp:term":[{"taxonomy":"product_brand","embeddable":true,"href":"https:\/\/www.lojameraki.pt\/novo\/wp-json\/wp\/v2\/product_brand?post=2024"},{"taxonomy":"product_cat","embeddable":true,"href":"https:\/\/www.lojameraki.pt\/novo\/wp-json\/wp\/v2\/product_cat?post=2024"},{"taxonomy":"product_tag","embeddable":true,"href":"https:\/\/www.lojameraki.pt\/novo\/wp-json\/wp\/v2\/product_tag?post=2024"}],"curies":[{"name":"wp","href":"https:\/\/api.w.org\/{rel}","templated":true}]}}