{"id":2027,"date":"2019-04-10T09:58:27","date_gmt":"2019-04-10T09:58:27","guid":{"rendered":"http:\/\/www.lojameraki.pt\/?post_type=product&#038;p=2027"},"modified":"2022-03-12T13:37:37","modified_gmt":"2022-03-12T13:37:37","slug":"xl-kleckse-2182","status":"publish","type":"product","link":"https:\/\/www.lojameraki.pt\/novo\/product\/xl-kleckse-2182\/","title":{"rendered":"XL Kleckse 2182"},"content":{"rendered":"<p>XL Kleckse 2182<\/p>\n<p>Composi\u00e7\u00e3o:\u00a0 100%\u00a0 L\u00e3<\/p>\n<p>Peso: 100 gramas<\/p>\n<p>Comprimento: 420 metros\u00a0 | fingering<\/p>\n<p>Agulhas: 2 &#8211; 3,5 mm<\/p>\n<p>Amostra: 30 malhas por 42 carreiras\u00a0 \u00a0(10 cm x 10 cm )<\/p>\n<p>lav\u00e1vel \u00e0 m\u00e1quina<\/p>\n","protected":false},"excerpt":{"rendered":"<p>XL Kleckse 2182 Composi\u00e7\u00e3o:\u00a0 100%\u00a0 L\u00e3 Peso: 100 gramas Comprimento: 420 metros\u00a0 | fingering Agulhas: 2 &#8211; 3,5 mm Amostra: 30 malhas por 42 carreiras\u00a0 \u00a0(10 cm x 10 cm ) lav\u00e1vel \u00e0 m\u00e1quina<\/p>\n","protected":false},"featured_media":2012,"template":"","meta":{"_et_pb_use_builder":"","_et_pb_old_content":"","_et_gb_content_width":""},"product_brand":[],"product_cat":[22,23,87,20,70,21,92,244],"product_tag":[],"class_list":{"0":"post-2027","1":"product","2":"type-product","3":"status-publish","4":"has-post-thumbnail","6":"product_cat-composicao","7":"product_cat-espessura","8":"product_cat-fingering","9":"product_cat-fios","10":"product_cat-la","11":"product_cat-marcas","12":"product_cat-schoppel-wolle-marcas","13":"product_cat-xl-kleckse","15":"first","16":"instock","17":"featured","18":"shipping-taxable","19":"purchasable","20":"product-type-simple"},"_links":{"self":[{"href":"https:\/\/www.lojameraki.pt\/novo\/wp-json\/wp\/v2\/product\/2027","targetHints":{"allow":["GET"]}}],"collection":[{"href":"https:\/\/www.lojameraki.pt\/novo\/wp-json\/wp\/v2\/product"}],"about":[{"href":"https:\/\/www.lojameraki.pt\/novo\/wp-json\/wp\/v2\/types\/product"}],"wp:featuredmedia":[{"embeddable":true,"href":"https:\/\/www.lojameraki.pt\/novo\/wp-json\/wp\/v2\/media\/2012"}],"wp:attachment":[{"href":"https:\/\/www.lojameraki.pt\/novo\/wp-json\/wp\/v2\/media?parent=2027"}],"wp:term":[{"taxonomy":"product_brand","embeddable":true,"href":"https:\/\/www.lojameraki.pt\/novo\/wp-json\/wp\/v2\/product_brand?post=2027"},{"taxonomy":"product_cat","embeddable":true,"href":"https:\/\/www.lojameraki.pt\/novo\/wp-json\/wp\/v2\/product_cat?post=2027"},{"taxonomy":"product_tag","embeddable":true,"href":"https:\/\/www.lojameraki.pt\/novo\/wp-json\/wp\/v2\/product_tag?post=2027"}],"curies":[{"name":"wp","href":"https:\/\/api.w.org\/{rel}","templated":true}]}}