{"id":2121,"date":"2019-05-24T10:11:16","date_gmt":"2019-05-24T10:11:16","guid":{"rendered":"http:\/\/www.lojameraki.pt\/?post_type=product&#038;p=2121"},"modified":"2020-07-06T11:54:32","modified_gmt":"2020-07-06T11:54:32","slug":"freccia-653","status":"publish","type":"product","link":"https:\/\/www.lojameraki.pt\/novo\/product\/freccia-653\/","title":{"rendered":"Freccia 653"},"content":{"rendered":"<p>Freccia 653<\/p>\n<p>Composi\u00e7\u00e3o: 100% Algod\u00e3o<\/p>\n<p>Peso: 50 gramas<\/p>\n<p>Comprimento: 285 metros<\/p>\n<p>Agulhas: 1,25- 1,50 mm<\/p>\n<p>Lavar\u00a0 com agua quente<\/p>\n","protected":false},"excerpt":{"rendered":"<p>Freccia 653 Composi\u00e7\u00e3o: 100% Algod\u00e3o Peso: 50 gramas Comprimento: 285 metros Agulhas: 1,25- 1,50 mm Lavar\u00a0 com agua quente<\/p>\n","protected":false},"featured_media":2117,"template":"","meta":{"_et_pb_use_builder":"","_et_pb_old_content":"","_et_gb_content_width":""},"product_brand":[],"product_cat":[77,247,22,23,20,248,86,21],"product_tag":[],"class_list":{"0":"post-2121","1":"product","2":"type-product","3":"status-publish","4":"has-post-thumbnail","6":"product_cat-algodao","7":"product_cat-anchor","8":"product_cat-composicao","9":"product_cat-espessura","10":"product_cat-fios","11":"product_cat-freccia","12":"product_cat-lace","13":"product_cat-marcas","15":"first","16":"instock","17":"shipping-taxable","18":"purchasable","19":"product-type-simple"},"_links":{"self":[{"href":"https:\/\/www.lojameraki.pt\/novo\/wp-json\/wp\/v2\/product\/2121","targetHints":{"allow":["GET"]}}],"collection":[{"href":"https:\/\/www.lojameraki.pt\/novo\/wp-json\/wp\/v2\/product"}],"about":[{"href":"https:\/\/www.lojameraki.pt\/novo\/wp-json\/wp\/v2\/types\/product"}],"wp:featuredmedia":[{"embeddable":true,"href":"https:\/\/www.lojameraki.pt\/novo\/wp-json\/wp\/v2\/media\/2117"}],"wp:attachment":[{"href":"https:\/\/www.lojameraki.pt\/novo\/wp-json\/wp\/v2\/media?parent=2121"}],"wp:term":[{"taxonomy":"product_brand","embeddable":true,"href":"https:\/\/www.lojameraki.pt\/novo\/wp-json\/wp\/v2\/product_brand?post=2121"},{"taxonomy":"product_cat","embeddable":true,"href":"https:\/\/www.lojameraki.pt\/novo\/wp-json\/wp\/v2\/product_cat?post=2121"},{"taxonomy":"product_tag","embeddable":true,"href":"https:\/\/www.lojameraki.pt\/novo\/wp-json\/wp\/v2\/product_tag?post=2121"}],"curies":[{"name":"wp","href":"https:\/\/api.w.org\/{rel}","templated":true}]}}