{"id":2148,"date":"2019-05-24T10:37:10","date_gmt":"2019-05-24T10:37:10","guid":{"rendered":"http:\/\/www.lojameraki.pt\/?post_type=product&#038;p=2148"},"modified":"2020-07-06T11:53:29","modified_gmt":"2020-07-06T11:53:29","slug":"freccia-0006","status":"publish","type":"product","link":"https:\/\/www.lojameraki.pt\/novo\/product\/freccia-0006\/","title":{"rendered":"Freccia 0006"},"content":{"rendered":"<p>Freccia 0006<\/p>\n<p>Composi\u00e7\u00e3o: 100% Algod\u00e3o<\/p>\n<p>Peso: 50 gramas<\/p>\n<p>Comprimento: 285 metros<\/p>\n<p>Agulhas: 1,25- 1,50 mm<\/p>\n<p>Lavar\u00a0 com agua quente<\/p>\n","protected":false},"excerpt":{"rendered":"<p>Freccia 0006 Composi\u00e7\u00e3o: 100% Algod\u00e3o Peso: 50 gramas Comprimento: 285 metros Agulhas: 1,25- 1,50 mm Lavar\u00a0 com agua quente<\/p>\n","protected":false},"featured_media":0,"template":"","meta":{"_et_pb_use_builder":"","_et_pb_old_content":"","_et_gb_content_width":""},"product_brand":[],"product_cat":[77,247,22,23,20,248,86,21],"product_tag":[],"class_list":{"0":"post-2148","1":"product","2":"type-product","3":"status-publish","5":"product_cat-algodao","6":"product_cat-anchor","7":"product_cat-composicao","8":"product_cat-espessura","9":"product_cat-fios","10":"product_cat-freccia","11":"product_cat-lace","12":"product_cat-marcas","14":"first","15":"outofstock","16":"shipping-taxable","17":"purchasable","18":"product-type-simple"},"_links":{"self":[{"href":"https:\/\/www.lojameraki.pt\/novo\/wp-json\/wp\/v2\/product\/2148","targetHints":{"allow":["GET"]}}],"collection":[{"href":"https:\/\/www.lojameraki.pt\/novo\/wp-json\/wp\/v2\/product"}],"about":[{"href":"https:\/\/www.lojameraki.pt\/novo\/wp-json\/wp\/v2\/types\/product"}],"wp:attachment":[{"href":"https:\/\/www.lojameraki.pt\/novo\/wp-json\/wp\/v2\/media?parent=2148"}],"wp:term":[{"taxonomy":"product_brand","embeddable":true,"href":"https:\/\/www.lojameraki.pt\/novo\/wp-json\/wp\/v2\/product_brand?post=2148"},{"taxonomy":"product_cat","embeddable":true,"href":"https:\/\/www.lojameraki.pt\/novo\/wp-json\/wp\/v2\/product_cat?post=2148"},{"taxonomy":"product_tag","embeddable":true,"href":"https:\/\/www.lojameraki.pt\/novo\/wp-json\/wp\/v2\/product_tag?post=2148"}],"curies":[{"name":"wp","href":"https:\/\/api.w.org\/{rel}","templated":true}]}}