{"id":2182,"date":"2019-07-04T14:50:18","date_gmt":"2019-07-04T14:50:18","guid":{"rendered":"http:\/\/www.lojameraki.pt\/?post_type=product&#038;p=2182"},"modified":"2024-09-01T00:06:26","modified_gmt":"2024-09-01T00:06:26","slug":"catania-denim-0124","status":"publish","type":"product","link":"https:\/\/www.lojameraki.pt\/novo\/product\/catania-denim-0124\/","title":{"rendered":"Catania Denim 0124"},"content":{"rendered":"<p>Catania Denim 0124<\/p>\n<p>Composi\u00e7\u00e3o: 100% Algod\u00e3o<\/p>\n<p>Peso: 50 gramas<\/p>\n<p>Comprimento: 120 metros\u00a0 | Sport<\/p>\n<p>Agulhas: 2,5- 3,5 mm<\/p>\n<p>Amostra: 26 malhas por 36carreiras\u00a0 \u00a0(10 cm x 10 cm )<\/p>\n<p>lav\u00e1vel \u00e0 m\u00e1quina 30\u00ba<\/p>\n","protected":false},"excerpt":{"rendered":"<p>promo\u00e7\u00e3o limitada ao stock existente<\/p>\n","protected":false},"featured_media":2183,"template":"","meta":{"_et_pb_use_builder":"","_et_pb_old_content":"","_et_gb_content_width":""},"product_brand":[],"product_cat":[77,189,22,23,20,21,26,109,110],"product_tag":[],"class_list":{"0":"post-2182","1":"product","2":"type-product","3":"status-publish","4":"has-post-thumbnail","6":"product_cat-algodao","7":"product_cat-catania-color","8":"product_cat-composicao","9":"product_cat-espessura","10":"product_cat-fios","11":"product_cat-marcas","12":"product_cat-primavera-verao","13":"product_cat-schachenmayr-marcas","14":"product_cat-sport","16":"first","17":"instock","18":"shipping-taxable","19":"purchasable","20":"product-type-simple"},"_links":{"self":[{"href":"https:\/\/www.lojameraki.pt\/novo\/wp-json\/wp\/v2\/product\/2182","targetHints":{"allow":["GET"]}}],"collection":[{"href":"https:\/\/www.lojameraki.pt\/novo\/wp-json\/wp\/v2\/product"}],"about":[{"href":"https:\/\/www.lojameraki.pt\/novo\/wp-json\/wp\/v2\/types\/product"}],"wp:featuredmedia":[{"embeddable":true,"href":"https:\/\/www.lojameraki.pt\/novo\/wp-json\/wp\/v2\/media\/2183"}],"wp:attachment":[{"href":"https:\/\/www.lojameraki.pt\/novo\/wp-json\/wp\/v2\/media?parent=2182"}],"wp:term":[{"taxonomy":"product_brand","embeddable":true,"href":"https:\/\/www.lojameraki.pt\/novo\/wp-json\/wp\/v2\/product_brand?post=2182"},{"taxonomy":"product_cat","embeddable":true,"href":"https:\/\/www.lojameraki.pt\/novo\/wp-json\/wp\/v2\/product_cat?post=2182"},{"taxonomy":"product_tag","embeddable":true,"href":"https:\/\/www.lojameraki.pt\/novo\/wp-json\/wp\/v2\/product_tag?post=2182"}],"curies":[{"name":"wp","href":"https:\/\/api.w.org\/{rel}","templated":true}]}}