{"id":2409,"date":"2019-10-10T14:08:53","date_gmt":"2019-10-10T14:08:53","guid":{"rendered":"http:\/\/www.lojameraki.pt\/?post_type=product&#038;p=2409"},"modified":"2025-09-23T17:54:53","modified_gmt":"2025-09-23T17:54:53","slug":"agulhas-addi-crasytrio-4mm","status":"publish","type":"product","link":"https:\/\/www.lojameraki.pt\/novo\/product\/agulhas-addi-crasytrio-4mm\/","title":{"rendered":"Agulhas Addi CrasyTrio 3,5mm"},"content":{"rendered":"<p>Agulhas Addi CrasyTrio 3,5mm<\/p>\n<p>conjunto de 3 agulhas + instru\u00e7\u00f5es<\/p>\n<p>A embalagem traz instru\u00e7\u00f5es de como usar<\/p>\n","protected":false},"excerpt":{"rendered":"<p>Agulhas Addi CrasyTrio 3,5mm conjunto de 3 agulhas + instru\u00e7\u00f5es A embalagem traz instru\u00e7\u00f5es de como usar<\/p>\n","protected":false},"featured_media":2407,"template":"","meta":{"_et_pb_use_builder":"","_et_pb_old_content":"","_et_gb_content_width":""},"product_brand":[],"product_cat":[105,28,267,206,207],"product_tag":[209],"class_list":{"0":"post-2409","1":"product","2":"type-product","3":"status-publish","4":"has-post-thumbnail","6":"product_cat-addi","7":"product_cat-agulhas","8":"product_cat-crasytrio","9":"product_cat-marca","10":"product_cat-tipo","11":"product_tag-crochet","13":"first","14":"instock","15":"shipping-taxable","16":"purchasable","17":"product-type-simple"},"_links":{"self":[{"href":"https:\/\/www.lojameraki.pt\/novo\/wp-json\/wp\/v2\/product\/2409","targetHints":{"allow":["GET"]}}],"collection":[{"href":"https:\/\/www.lojameraki.pt\/novo\/wp-json\/wp\/v2\/product"}],"about":[{"href":"https:\/\/www.lojameraki.pt\/novo\/wp-json\/wp\/v2\/types\/product"}],"wp:featuredmedia":[{"embeddable":true,"href":"https:\/\/www.lojameraki.pt\/novo\/wp-json\/wp\/v2\/media\/2407"}],"wp:attachment":[{"href":"https:\/\/www.lojameraki.pt\/novo\/wp-json\/wp\/v2\/media?parent=2409"}],"wp:term":[{"taxonomy":"product_brand","embeddable":true,"href":"https:\/\/www.lojameraki.pt\/novo\/wp-json\/wp\/v2\/product_brand?post=2409"},{"taxonomy":"product_cat","embeddable":true,"href":"https:\/\/www.lojameraki.pt\/novo\/wp-json\/wp\/v2\/product_cat?post=2409"},{"taxonomy":"product_tag","embeddable":true,"href":"https:\/\/www.lojameraki.pt\/novo\/wp-json\/wp\/v2\/product_tag?post=2409"}],"curies":[{"name":"wp","href":"https:\/\/api.w.org\/{rel}","templated":true}]}}