{"id":2457,"date":"2019-10-22T11:35:08","date_gmt":"2019-10-22T11:35:08","guid":{"rendered":"http:\/\/www.lojameraki.pt\/?post_type=product&#038;p=2457"},"modified":"2021-10-20T14:10:58","modified_gmt":"2021-10-20T14:10:58","slug":"twist-sock-salty-tales","status":"publish","type":"product","link":"https:\/\/www.lojameraki.pt\/novo\/product\/twist-sock-salty-tales\/","title":{"rendered":"Twist Sock Salty Tales"},"content":{"rendered":"<p>Twist Sock Salty Tales<\/p>\n<p>Composi\u00e7\u00e3o: 80% l\u00e3 blue faced leicester ; 20 % nylon<\/p>\n<p>Peso: 100 gramas<\/p>\n<p>Comprimento: 365 metros | fingering<\/p>\n<p>Agulhas: 3,50 mm<\/p>\n<p>Amostra:\u00a0 28 malhas\u00a0 (10 cm)<\/p>\n<p>lav\u00e1vel \u00e0 m\u00e1quina<\/p>\n","protected":false},"excerpt":{"rendered":"<p>Twist Sock Salty Tales Composi\u00e7\u00e3o: 80% l\u00e3 blue faced leicester ; 20 % nylon Peso: 100 gramas Comprimento: 365 metros | fingering Agulhas: 3,50 mm Amostra:\u00a0 28 malhas\u00a0 (10 cm) lav\u00e1vel \u00e0 m\u00e1quina<\/p>\n","protected":false},"featured_media":2444,"template":"","meta":{"_et_pb_use_builder":"","_et_pb_old_content":"","_et_gb_content_width":""},"product_brand":[],"product_cat":[22,23,87,20,215,70,21,76,216],"product_tag":[],"class_list":{"0":"post-2457","1":"product","2":"type-product","3":"status-publish","4":"has-post-thumbnail","6":"product_cat-composicao","7":"product_cat-espessura","8":"product_cat-fingering","9":"product_cat-fios","10":"product_cat-hedgehog-fibers","11":"product_cat-la","12":"product_cat-marcas","13":"product_cat-poliamida-nylon","14":"product_cat-twist-sock","16":"first","17":"outofstock","18":"featured","19":"shipping-taxable","20":"purchasable","21":"product-type-simple"},"_links":{"self":[{"href":"https:\/\/www.lojameraki.pt\/novo\/wp-json\/wp\/v2\/product\/2457","targetHints":{"allow":["GET"]}}],"collection":[{"href":"https:\/\/www.lojameraki.pt\/novo\/wp-json\/wp\/v2\/product"}],"about":[{"href":"https:\/\/www.lojameraki.pt\/novo\/wp-json\/wp\/v2\/types\/product"}],"wp:featuredmedia":[{"embeddable":true,"href":"https:\/\/www.lojameraki.pt\/novo\/wp-json\/wp\/v2\/media\/2444"}],"wp:attachment":[{"href":"https:\/\/www.lojameraki.pt\/novo\/wp-json\/wp\/v2\/media?parent=2457"}],"wp:term":[{"taxonomy":"product_brand","embeddable":true,"href":"https:\/\/www.lojameraki.pt\/novo\/wp-json\/wp\/v2\/product_brand?post=2457"},{"taxonomy":"product_cat","embeddable":true,"href":"https:\/\/www.lojameraki.pt\/novo\/wp-json\/wp\/v2\/product_cat?post=2457"},{"taxonomy":"product_tag","embeddable":true,"href":"https:\/\/www.lojameraki.pt\/novo\/wp-json\/wp\/v2\/product_tag?post=2457"}],"curies":[{"name":"wp","href":"https:\/\/api.w.org\/{rel}","templated":true}]}}