{"id":2574,"date":"2019-12-03T11:02:42","date_gmt":"2019-12-03T11:02:42","guid":{"rendered":"http:\/\/www.lojameraki.pt\/?post_type=product&#038;p=2574"},"modified":"2023-09-08T16:14:54","modified_gmt":"2023-09-08T16:14:54","slug":"azteca-7844","status":"publish","type":"product","link":"https:\/\/www.lojameraki.pt\/novo\/product\/azteca-7844\/","title":{"rendered":"Azteca 7888"},"content":{"rendered":"<p>Azteca 7888<\/p>\n<p>Composi\u00e7\u00e3o: 53% L\u00e3; 47% Acr\u00edlico<\/p>\n<p>Peso: 100 gramas<\/p>\n<p>Comprimento: 180 metros |\u00a0 Aran<\/p>\n<p>Agulhas: 5 &#8211; 5,5 mm<\/p>\n<p>Amostra: 17 malhas\u00a0 (10 cm)<\/p>\n<p>lav\u00e1vel \u00e0 m\u00e1quina<\/p>\n","protected":false},"excerpt":{"rendered":"<p>Azteca 7888 Composi\u00e7\u00e3o: 53% L\u00e3; 47% Acr\u00edlico Peso: 100 gramas Comprimento: 180 metros |\u00a0 Aran Agulhas: 5 &#8211; 5,5 mm Amostra: 17 malhas\u00a0 (10 cm) lav\u00e1vel \u00e0 m\u00e1quina<\/p>\n","protected":false},"featured_media":6319,"template":"","meta":{"_et_pb_use_builder":"","_et_pb_old_content":"","_et_gb_content_width":""},"product_brand":[],"product_cat":[82,112,201,22,23,20,93,70,21],"product_tag":[],"class_list":{"0":"post-2574","1":"product","2":"type-product","3":"status-publish","4":"has-post-thumbnail","6":"product_cat-acrilico","7":"product_cat-aran","8":"product_cat-azteca","9":"product_cat-composicao","10":"product_cat-espessura","11":"product_cat-fios","12":"product_cat-katia-marcas","13":"product_cat-la","14":"product_cat-marcas","16":"first","17":"instock","18":"shipping-taxable","19":"purchasable","20":"product-type-simple"},"_links":{"self":[{"href":"https:\/\/www.lojameraki.pt\/novo\/wp-json\/wp\/v2\/product\/2574","targetHints":{"allow":["GET"]}}],"collection":[{"href":"https:\/\/www.lojameraki.pt\/novo\/wp-json\/wp\/v2\/product"}],"about":[{"href":"https:\/\/www.lojameraki.pt\/novo\/wp-json\/wp\/v2\/types\/product"}],"wp:featuredmedia":[{"embeddable":true,"href":"https:\/\/www.lojameraki.pt\/novo\/wp-json\/wp\/v2\/media\/6319"}],"wp:attachment":[{"href":"https:\/\/www.lojameraki.pt\/novo\/wp-json\/wp\/v2\/media?parent=2574"}],"wp:term":[{"taxonomy":"product_brand","embeddable":true,"href":"https:\/\/www.lojameraki.pt\/novo\/wp-json\/wp\/v2\/product_brand?post=2574"},{"taxonomy":"product_cat","embeddable":true,"href":"https:\/\/www.lojameraki.pt\/novo\/wp-json\/wp\/v2\/product_cat?post=2574"},{"taxonomy":"product_tag","embeddable":true,"href":"https:\/\/www.lojameraki.pt\/novo\/wp-json\/wp\/v2\/product_tag?post=2574"}],"curies":[{"name":"wp","href":"https:\/\/api.w.org\/{rel}","templated":true}]}}