{"id":2628,"date":"2019-12-19T11:39:26","date_gmt":"2019-12-19T11:39:26","guid":{"rendered":"http:\/\/www.lojameraki.pt\/?post_type=product&#038;p=2628"},"modified":"2024-03-06T16:50:22","modified_gmt":"2024-03-06T16:50:22","slug":"felted-tweed-barbara","status":"publish","type":"product","link":"https:\/\/www.lojameraki.pt\/novo\/product\/felted-tweed-barbara\/","title":{"rendered":"Felted Tweed Barbara"},"content":{"rendered":"<p>Felted Tweed Barbara 200<\/p>\n<p>Composi\u00e7\u00e3o: 50% l\u00e3; 25% alpaca; 25% viscose<\/p>\n<p>Peso: 50 gramas<\/p>\n<p>Comprimento: 175 metros | DK<\/p>\n<p>Agulhas: 3,5 &#8211; 4mm<\/p>\n<p>Amostra:\u00a0 22-24 malhas por 30-32 carreiras\u00a0 \u00a0(10 x 10 cm)<\/p>\n<p>&nbsp;<\/p>\n","protected":false},"excerpt":{"rendered":"<p>Felted Tweed Barbara 200 Composi\u00e7\u00e3o: 50% l\u00e3; 25% alpaca; 25% viscose Peso: 50 gramas Comprimento: 175 metros | DK Agulhas: 3,5 &#8211; 4mm Amostra:\u00a0 22-24 malhas por 30-32 carreiras\u00a0 \u00a0(10 x 10 cm) &nbsp;<\/p>\n","protected":false},"featured_media":2626,"template":"","meta":{"_et_pb_use_builder":"","_et_pb_old_content":"","_et_gb_content_width":""},"product_brand":[],"product_cat":[22,88,23,212,20,70,72,21,107,80],"product_tag":[],"class_list":{"0":"post-2628","1":"product","2":"type-product","3":"status-publish","4":"has-post-thumbnail","6":"product_cat-composicao","7":"product_cat-dk","8":"product_cat-espessura","9":"product_cat-felted-tweed","10":"product_cat-fios","11":"product_cat-la","12":"product_cat-la-alpaca","13":"product_cat-marcas","14":"product_cat-rowan-marcas","15":"product_cat-viscose","17":"first","18":"instock","19":"shipping-taxable","20":"purchasable","21":"product-type-simple"},"_links":{"self":[{"href":"https:\/\/www.lojameraki.pt\/novo\/wp-json\/wp\/v2\/product\/2628","targetHints":{"allow":["GET"]}}],"collection":[{"href":"https:\/\/www.lojameraki.pt\/novo\/wp-json\/wp\/v2\/product"}],"about":[{"href":"https:\/\/www.lojameraki.pt\/novo\/wp-json\/wp\/v2\/types\/product"}],"wp:featuredmedia":[{"embeddable":true,"href":"https:\/\/www.lojameraki.pt\/novo\/wp-json\/wp\/v2\/media\/2626"}],"wp:attachment":[{"href":"https:\/\/www.lojameraki.pt\/novo\/wp-json\/wp\/v2\/media?parent=2628"}],"wp:term":[{"taxonomy":"product_brand","embeddable":true,"href":"https:\/\/www.lojameraki.pt\/novo\/wp-json\/wp\/v2\/product_brand?post=2628"},{"taxonomy":"product_cat","embeddable":true,"href":"https:\/\/www.lojameraki.pt\/novo\/wp-json\/wp\/v2\/product_cat?post=2628"},{"taxonomy":"product_tag","embeddable":true,"href":"https:\/\/www.lojameraki.pt\/novo\/wp-json\/wp\/v2\/product_tag?post=2628"}],"curies":[{"name":"wp","href":"https:\/\/api.w.org\/{rel}","templated":true}]}}