{"id":2705,"date":"2020-02-05T10:34:37","date_gmt":"2020-02-05T10:34:37","guid":{"rendered":"http:\/\/www.lojameraki.pt\/?post_type=product&#038;p=2705"},"modified":"2024-10-18T14:01:05","modified_gmt":"2024-10-18T14:01:05","slug":"meia-print-101","status":"publish","type":"product","link":"https:\/\/www.lojameraki.pt\/novo\/product\/meia-print-101\/","title":{"rendered":"Meia print  101"},"content":{"rendered":"<p>Meia print 101<\/p>\n<p>Composi\u00e7\u00e3o: 70% L\u00e3; 30% poliamida<\/p>\n<p>Peso: 50 gramas<\/p>\n<p>Comprimento: 185 metros |\u00a0 Sport<\/p>\n<p>Agulhas: 3 &#8211; 4 mm<\/p>\n<p>Amostra: 20 malhas por 30 carreiras (10 cm)<\/p>\n<p>lav\u00e1vel \u00e0 m\u00e1quina<\/p>\n","protected":false},"excerpt":{"rendered":"<p>Meia print 101 Composi\u00e7\u00e3o: 70% L\u00e3; 30% poliamida Peso: 50 gramas Comprimento: 185 metros |\u00a0 Sport Agulhas: 3 &#8211; 4 mm Amostra: 20 malhas por 30 carreiras (10 cm) lav\u00e1vel \u00e0 m\u00e1quina<\/p>\n","protected":false},"featured_media":2706,"template":"","meta":{"_et_pb_use_builder":"","_et_pb_old_content":"","_et_gb_content_width":""},"product_brand":[],"product_cat":[22,23,20,70,21,277,25,76,95,110],"product_tag":[],"class_list":{"0":"post-2705","1":"product","2":"type-product","3":"status-publish","4":"has-post-thumbnail","6":"product_cat-composicao","7":"product_cat-espessura","8":"product_cat-fios","9":"product_cat-la","10":"product_cat-marcas","11":"product_cat-meia","12":"product_cat-meias","13":"product_cat-poliamida-nylon","14":"product_cat-rosarios-4-marcas","15":"product_cat-sport","17":"first","18":"instock","19":"shipping-taxable","20":"purchasable","21":"product-type-simple"},"_links":{"self":[{"href":"https:\/\/www.lojameraki.pt\/novo\/wp-json\/wp\/v2\/product\/2705","targetHints":{"allow":["GET"]}}],"collection":[{"href":"https:\/\/www.lojameraki.pt\/novo\/wp-json\/wp\/v2\/product"}],"about":[{"href":"https:\/\/www.lojameraki.pt\/novo\/wp-json\/wp\/v2\/types\/product"}],"wp:featuredmedia":[{"embeddable":true,"href":"https:\/\/www.lojameraki.pt\/novo\/wp-json\/wp\/v2\/media\/2706"}],"wp:attachment":[{"href":"https:\/\/www.lojameraki.pt\/novo\/wp-json\/wp\/v2\/media?parent=2705"}],"wp:term":[{"taxonomy":"product_brand","embeddable":true,"href":"https:\/\/www.lojameraki.pt\/novo\/wp-json\/wp\/v2\/product_brand?post=2705"},{"taxonomy":"product_cat","embeddable":true,"href":"https:\/\/www.lojameraki.pt\/novo\/wp-json\/wp\/v2\/product_cat?post=2705"},{"taxonomy":"product_tag","embeddable":true,"href":"https:\/\/www.lojameraki.pt\/novo\/wp-json\/wp\/v2\/product_tag?post=2705"}],"curies":[{"name":"wp","href":"https:\/\/api.w.org\/{rel}","templated":true}]}}