{"id":2730,"date":"2020-02-13T16:14:39","date_gmt":"2020-02-13T16:14:39","guid":{"rendered":"http:\/\/www.lojameraki.pt\/?post_type=product&#038;p=2730"},"modified":"2025-09-01T00:16:07","modified_gmt":"2025-09-01T00:16:07","slug":"veganette-107","status":"publish","type":"product","link":"https:\/\/www.lojameraki.pt\/novo\/product\/veganette-107\/","title":{"rendered":"Veganette 107"},"content":{"rendered":"<p>Veganette 107<\/p>\n<p>Composi\u00e7\u00e3o: 90% algod\u00e3o; 10% poliamida<\/p>\n<p>Peso: 50 gramas<\/p>\n<p>Comprimento: 140 metros |\u00a0 DK<\/p>\n<p>Agulhas: 4 &#8211; 4,5 mm<\/p>\n<p>Amostra: 19 malhas\u00a0 x 26 carreiras(10 cm)<\/p>\n<p>lav\u00e1vel \u00e0 m\u00e1quina<\/p>\n","protected":false},"excerpt":{"rendered":"<p>promo\u00e7\u00e3o limitada ao stock existente \u2013 sem\u00a0 reposi\u00e7\u00e3o<\/p>\n","protected":false},"featured_media":2729,"template":"","meta":{"_et_pb_use_builder":"","_et_pb_old_content":"","_et_gb_content_width":""},"product_brand":[],"product_cat":[77,22,88,23,20,93,21,76,26,279],"product_tag":[],"class_list":{"0":"post-2730","1":"product","2":"type-product","3":"status-publish","4":"has-post-thumbnail","6":"product_cat-algodao","7":"product_cat-composicao","8":"product_cat-dk","9":"product_cat-espessura","10":"product_cat-fios","11":"product_cat-katia-marcas","12":"product_cat-marcas","13":"product_cat-poliamida-nylon","14":"product_cat-primavera-verao","15":"product_cat-veganette","17":"first","18":"instock","19":"shipping-taxable","20":"purchasable","21":"product-type-simple"},"_links":{"self":[{"href":"https:\/\/www.lojameraki.pt\/novo\/wp-json\/wp\/v2\/product\/2730","targetHints":{"allow":["GET"]}}],"collection":[{"href":"https:\/\/www.lojameraki.pt\/novo\/wp-json\/wp\/v2\/product"}],"about":[{"href":"https:\/\/www.lojameraki.pt\/novo\/wp-json\/wp\/v2\/types\/product"}],"wp:featuredmedia":[{"embeddable":true,"href":"https:\/\/www.lojameraki.pt\/novo\/wp-json\/wp\/v2\/media\/2729"}],"wp:attachment":[{"href":"https:\/\/www.lojameraki.pt\/novo\/wp-json\/wp\/v2\/media?parent=2730"}],"wp:term":[{"taxonomy":"product_brand","embeddable":true,"href":"https:\/\/www.lojameraki.pt\/novo\/wp-json\/wp\/v2\/product_brand?post=2730"},{"taxonomy":"product_cat","embeddable":true,"href":"https:\/\/www.lojameraki.pt\/novo\/wp-json\/wp\/v2\/product_cat?post=2730"},{"taxonomy":"product_tag","embeddable":true,"href":"https:\/\/www.lojameraki.pt\/novo\/wp-json\/wp\/v2\/product_tag?post=2730"}],"curies":[{"name":"wp","href":"https:\/\/api.w.org\/{rel}","templated":true}]}}