{"id":2773,"date":"2020-03-20T15:20:35","date_gmt":"2020-03-20T15:20:35","guid":{"rendered":"http:\/\/www.lojameraki.pt\/?post_type=product&#038;p=2773"},"modified":"2026-02-20T12:48:09","modified_gmt":"2026-02-20T12:48:09","slug":"balada-03","status":"publish","type":"product","link":"https:\/\/www.lojameraki.pt\/novo\/product\/balada-03\/","title":{"rendered":"Balada 03"},"content":{"rendered":"<p>Balada 03<\/p>\n<p>Composi\u00e7\u00e3o: 80% L\u00e3; 20 % Seda<\/p>\n<p>Peso: 50 gramas<\/p>\n<p>Comprimento: 140 metros\u00a0 | DK<\/p>\n<p>Agulhas: 3 mm -3.50 mm<\/p>\n<p>Amostra: 21 malhas por 31 carreiras\u00a0 \u00a0(10 cm x 10 cm )<\/p>\n<p>lav\u00e1vel \u00e0 m\u00e3o<\/p>\n","protected":false},"excerpt":{"rendered":"<p>Balada 03 Composi\u00e7\u00e3o: 80% L\u00e3; 20 % Seda Peso: 50 gramas Comprimento: 140 metros\u00a0 | DK Agulhas: 3 mm -3.50 mm Amostra: 21 malhas por 31 carreiras\u00a0 \u00a0(10 cm x 10 cm ) lav\u00e1vel \u00e0 m\u00e3o<\/p>\n","protected":false},"featured_media":2770,"template":"","meta":{"_et_pb_use_builder":"","_et_pb_old_content":"","_et_gb_content_width":""},"product_brand":[],"product_cat":[251,22,88,23,20,70,21,95,74],"product_tag":[],"class_list":{"0":"post-2773","1":"product","2":"type-product","3":"status-publish","4":"has-post-thumbnail","6":"product_cat-balada","7":"product_cat-composicao","8":"product_cat-dk","9":"product_cat-espessura","10":"product_cat-fios","11":"product_cat-la","12":"product_cat-marcas","13":"product_cat-rosarios-4-marcas","14":"product_cat-seda","16":"first","17":"instock","18":"shipping-taxable","19":"purchasable","20":"product-type-simple"},"_links":{"self":[{"href":"https:\/\/www.lojameraki.pt\/novo\/wp-json\/wp\/v2\/product\/2773","targetHints":{"allow":["GET"]}}],"collection":[{"href":"https:\/\/www.lojameraki.pt\/novo\/wp-json\/wp\/v2\/product"}],"about":[{"href":"https:\/\/www.lojameraki.pt\/novo\/wp-json\/wp\/v2\/types\/product"}],"wp:featuredmedia":[{"embeddable":true,"href":"https:\/\/www.lojameraki.pt\/novo\/wp-json\/wp\/v2\/media\/2770"}],"wp:attachment":[{"href":"https:\/\/www.lojameraki.pt\/novo\/wp-json\/wp\/v2\/media?parent=2773"}],"wp:term":[{"taxonomy":"product_brand","embeddable":true,"href":"https:\/\/www.lojameraki.pt\/novo\/wp-json\/wp\/v2\/product_brand?post=2773"},{"taxonomy":"product_cat","embeddable":true,"href":"https:\/\/www.lojameraki.pt\/novo\/wp-json\/wp\/v2\/product_cat?post=2773"},{"taxonomy":"product_tag","embeddable":true,"href":"https:\/\/www.lojameraki.pt\/novo\/wp-json\/wp\/v2\/product_tag?post=2773"}],"curies":[{"name":"wp","href":"https:\/\/api.w.org\/{rel}","templated":true}]}}