{"id":2813,"date":"2020-03-28T18:23:21","date_gmt":"2020-03-28T18:23:21","guid":{"rendered":"http:\/\/www.lojameraki.pt\/?post_type=product&#038;p=2813"},"modified":"2026-03-25T17:27:10","modified_gmt":"2026-03-25T17:27:10","slug":"arezzo-lin-370","status":"publish","type":"product","link":"https:\/\/www.lojameraki.pt\/novo\/product\/arezzo-lin-370\/","title":{"rendered":"Arezzo 1340"},"content":{"rendered":"<p>Arezzo 1340<\/p>\n<p>Composi\u00e7\u00e3o: 29% linho; 37% algod\u00e3o; 34% bamboo<\/p>\n<p>Peso: 50 gramas<\/p>\n<p>Comprimento: 150 metros\u00a0 | Sport<\/p>\n<p>Agulhas: 3 mm &#8211; 3.50 mm<\/p>\n<p>Amostra: 26 malhas 10 cm<\/p>\n<p>lav\u00e1vel \u00e0 m\u00e1quina 40\u00ba<\/p>\n","protected":false},"excerpt":{"rendered":"<p>Arezzo 1340 Composi\u00e7\u00e3o: 29% linho; 37% algod\u00e3o; 34% bamboo Peso: 50 gramas Comprimento: 150 metros\u00a0 | Sport Agulhas: 3 mm &#8211; 3.50 mm Amostra: 26 malhas 10 cm lav\u00e1vel \u00e0 m\u00e1quina 40\u00ba<\/p>\n","protected":false},"featured_media":4461,"template":"","meta":{"_et_pb_use_builder":"","_et_pb_old_content":"","_et_gb_content_width":""},"product_brand":[],"product_cat":[77,283,83,22,23,20,96,79,21,26,110],"product_tag":[],"class_list":{"0":"post-2813","1":"product","2":"type-product","3":"status-publish","4":"has-post-thumbnail","6":"product_cat-algodao","7":"product_cat-arezzo-lin","8":"product_cat-bambu","9":"product_cat-composicao","10":"product_cat-espessura","11":"product_cat-fios","12":"product_cat-hjerte-garn-marcas","13":"product_cat-linho","14":"product_cat-marcas","15":"product_cat-primavera-verao","16":"product_cat-sport","18":"first","19":"instock","20":"shipping-taxable","21":"purchasable","22":"product-type-simple"},"_links":{"self":[{"href":"https:\/\/www.lojameraki.pt\/novo\/wp-json\/wp\/v2\/product\/2813","targetHints":{"allow":["GET"]}}],"collection":[{"href":"https:\/\/www.lojameraki.pt\/novo\/wp-json\/wp\/v2\/product"}],"about":[{"href":"https:\/\/www.lojameraki.pt\/novo\/wp-json\/wp\/v2\/types\/product"}],"wp:featuredmedia":[{"embeddable":true,"href":"https:\/\/www.lojameraki.pt\/novo\/wp-json\/wp\/v2\/media\/4461"}],"wp:attachment":[{"href":"https:\/\/www.lojameraki.pt\/novo\/wp-json\/wp\/v2\/media?parent=2813"}],"wp:term":[{"taxonomy":"product_brand","embeddable":true,"href":"https:\/\/www.lojameraki.pt\/novo\/wp-json\/wp\/v2\/product_brand?post=2813"},{"taxonomy":"product_cat","embeddable":true,"href":"https:\/\/www.lojameraki.pt\/novo\/wp-json\/wp\/v2\/product_cat?post=2813"},{"taxonomy":"product_tag","embeddable":true,"href":"https:\/\/www.lojameraki.pt\/novo\/wp-json\/wp\/v2\/product_tag?post=2813"}],"curies":[{"name":"wp","href":"https:\/\/api.w.org\/{rel}","templated":true}]}}