{"id":2924,"date":"2020-05-25T14:40:16","date_gmt":"2020-05-25T14:40:16","guid":{"rendered":"http:\/\/www.lojameraki.pt\/?post_type=product&#038;p=2924"},"modified":"2025-09-01T00:15:58","modified_gmt":"2025-09-01T00:15:58","slug":"baby-pure-cotton-106","status":"publish","type":"product","link":"https:\/\/www.lojameraki.pt\/novo\/product\/baby-pure-cotton-106\/","title":{"rendered":"Baby Pure Cotton 106 amarelo claro"},"content":{"rendered":"<p>Baby Pure Cotton 106 amarelo claro<\/p>\n<p>Composi\u00e7\u00e3o:\u00a0 100% algod\u00e3o n\u00e3o mercerizado<\/p>\n<p>Peso: 50 gramas<\/p>\n<p>Comprimento: 165 metros\u00a0 | fingering<\/p>\n<p>Agulhas: 3 mm<\/p>\n<p>Amostra: 24 malhas\u00a0 por 26 carreiras\u00a0 (10 cm)<\/p>\n<p>Hipoalerg\u00e9nico; Lavav\u00e9l \u00e0 maquina<\/p>\n","protected":false},"excerpt":{"rendered":"<p>Baby Pure Cotton 106 amarelo claro Composi\u00e7\u00e3o:\u00a0 100% algod\u00e3o n\u00e3o mercerizado Peso: 50 gramas Comprimento: 165 metros\u00a0 | fingering Agulhas: 3 mm Amostra: 24 malhas\u00a0 por 26 carreiras\u00a0 (10 cm) Hipoalerg\u00e9nico; Lavav\u00e9l \u00e0 maquina<\/p>\n","protected":false},"featured_media":2925,"template":"","meta":{"_et_pb_use_builder":"","_et_pb_old_content":"","_et_gb_content_width":""},"product_brand":[],"product_cat":[77,247,285,287,22,23,87,20,21,26],"product_tag":[],"class_list":{"0":"post-2924","1":"product","2":"type-product","3":"status-publish","4":"has-post-thumbnail","6":"product_cat-algodao","7":"product_cat-anchor","8":"product_cat-baby-pure-cotton","9":"product_cat-bebe","10":"product_cat-composicao","11":"product_cat-espessura","12":"product_cat-fingering","13":"product_cat-fios","14":"product_cat-marcas","15":"product_cat-primavera-verao","17":"first","18":"instock","19":"shipping-taxable","20":"purchasable","21":"product-type-simple"},"_links":{"self":[{"href":"https:\/\/www.lojameraki.pt\/novo\/wp-json\/wp\/v2\/product\/2924","targetHints":{"allow":["GET"]}}],"collection":[{"href":"https:\/\/www.lojameraki.pt\/novo\/wp-json\/wp\/v2\/product"}],"about":[{"href":"https:\/\/www.lojameraki.pt\/novo\/wp-json\/wp\/v2\/types\/product"}],"wp:featuredmedia":[{"embeddable":true,"href":"https:\/\/www.lojameraki.pt\/novo\/wp-json\/wp\/v2\/media\/2925"}],"wp:attachment":[{"href":"https:\/\/www.lojameraki.pt\/novo\/wp-json\/wp\/v2\/media?parent=2924"}],"wp:term":[{"taxonomy":"product_brand","embeddable":true,"href":"https:\/\/www.lojameraki.pt\/novo\/wp-json\/wp\/v2\/product_brand?post=2924"},{"taxonomy":"product_cat","embeddable":true,"href":"https:\/\/www.lojameraki.pt\/novo\/wp-json\/wp\/v2\/product_cat?post=2924"},{"taxonomy":"product_tag","embeddable":true,"href":"https:\/\/www.lojameraki.pt\/novo\/wp-json\/wp\/v2\/product_tag?post=2924"}],"curies":[{"name":"wp","href":"https:\/\/api.w.org\/{rel}","templated":true}]}}